{"id":1446,"date":"2021-05-20T19:43:38","date_gmt":"2021-05-20T19:43:38","guid":{"rendered":"https:\/\/conavigua.org.gt\/es\/?page_id=1446"},"modified":"2025-02-25T05:10:19","modified_gmt":"2025-02-25T05:10:19","slug":"church-home","status":"publish","type":"page","link":"https:\/\/conavigua.org.gt\/es\/","title":{"rendered":"Inicio"},"content":{"rendered":"<p><div class=\"fusion-fullwidth fullwidth-box fusion-builder-row-1 fusion-flex-container nonhundred-percent-fullwidth non-hundred-percent-height-scrolling\" style=\"--awb-background-position:left top;--awb-border-sizes-top:0px;--awb-border-sizes-bottom:0px;--awb-border-sizes-left:0px;--awb-border-sizes-right:0px;--awb-border-radius-top-left:0px;--awb-border-radius-top-right:0px;--awb-border-radius-bottom-right:0px;--awb-border-radius-bottom-left:0px;--awb-padding-top:50px;--awb-padding-right:15%;--awb-padding-bottom:50px;--awb-padding-left:15%;--awb-flex-wrap:wrap;\" ><div class=\"fusion-builder-row fusion-row fusion-flex-align-items-flex-start fusion-flex-content-wrap\" style=\"max-width:calc( 1280px + 0px );margin-left: calc(-0px \/ 2 );margin-right: calc(-0px \/ 2 );\"><div class=\"fusion-layout-column fusion_builder_column fusion-builder-column-0 fusion_builder_column_1_1 1_1 fusion-flex-column fusion-flex-align-self-flex-start fusion-column-no-min-height\" style=\"--awb-bg-blend:overlay;--awb-bg-size:cover;--awb-width-large:100%;--awb-margin-top-large:0px;--awb-spacing-right-large:0px;--awb-margin-bottom-large:0px;--awb-spacing-left-large:0px;--awb-width-medium:100%;--awb-spacing-right-medium:0px;--awb-spacing-left-medium:0px;--awb-width-small:100%;--awb-spacing-right-small:0px;--awb-spacing-left-small:0px;\"><div class=\"fusion-column-wrapper fusion-flex-justify-content-flex-start fusion-content-layout-column\"><div class=\"fusion-title title fusion-title-1 fusion-title-center fusion-title-text fusion-title-size-two\"><div class=\"title-sep-container title-sep-container-left\"><div class=\"title-sep sep- sep-solid\" style=\"border-color:var(--awb-color3);\"><\/div><\/div><span class=\"awb-title-spacer\"><\/span><h2 class=\"fusion-title-heading title-heading-center fusion-responsive-typography-calculated\" style=\"margin:0;--fontSize:35;line-height:var(--awb-typography1-line-height);\">Coordinadora Nacional de Viudas de Guatemala<\/h2><span class=\"awb-title-spacer\"><\/span><div class=\"title-sep-container title-sep-container-right\"><div class=\"title-sep sep- sep-solid\" style=\"border-color:var(--awb-color3);\"><\/div><\/div><\/div><div class=\"fusion-text fusion-text-1\" style=\"--awb-content-alignment:left;\"><p style=\"text-align: center;\">La Coordinadora Nacional de Viudas de Guatemala \u2013CONAVIGUA-, es una organizaci\u00f3n de mujeres con un posicionamiento pol\u00edtico e hist\u00f3rico, que se origin\u00f3 a partir de 1985, a\u00f1o en el cual se inicia el trabajo con grupos de mujeres viudas mayas, de diferentes comunidades de los departamentos de Totonicap\u00e1n, Chimaltenango y el El Quich\u00e9.<\/p>\n<\/div><div class=\"fusion-text fusion-text-2\" style=\"--awb-content-alignment:left;\"><p style=\"text-align: center; letter-spacing: 2px; font-weight: 600;\"><a href=\"https:\/\/conavigua.org.gt\/es\/quienes-somos\/\">LEER M\u00c1S<\/a><\/p>\n<\/div><\/div><\/div><\/div><\/div><div class=\"fusion-fullwidth fullwidth-box fusion-builder-row-2 fusion-flex-container nonhundred-percent-fullwidth non-hundred-percent-height-scrolling\" style=\"--awb-background-position:left top;--awb-border-sizes-top:0px;--awb-border-sizes-bottom:0px;--awb-border-sizes-left:0px;--awb-border-sizes-right:0px;--awb-border-radius-top-left:0px;--awb-border-radius-top-right:0px;--awb-border-radius-bottom-right:0px;--awb-border-radius-bottom-left:0px;--awb-padding-top:50px;--awb-padding-right:8%;--awb-padding-bottom:50px;--awb-padding-left:8%;--awb-background-color:var(--awb-color2);--awb-flex-wrap:wrap;\" ><div class=\"fusion-builder-row fusion-row fusion-flex-align-items-flex-start fusion-flex-content-wrap\" style=\"max-width:calc( 1280px + 0px );margin-left: calc(-0px \/ 2 );margin-right: calc(-0px \/ 2 );\"><div class=\"fusion-layout-column fusion_builder_column fusion-builder-column-1 fusion_builder_column_1_2 1_2 fusion-flex-column fusion-flex-align-self-flex-start fusion-column-no-min-height\" style=\"--awb-padding-top:20px;--awb-padding-right:10px;--awb-padding-bottom:20px;--awb-padding-left:10px;--awb-bg-blend:overlay;--awb-bg-size:cover;--awb-width-large:50%;--awb-margin-top-large:0px;--awb-spacing-right-large:calc( 0.04 * calc( 100% - 0px ) );--awb-margin-bottom-large:0px;--awb-spacing-left-large:0px;--awb-width-medium:100%;--awb-order-medium:0;--awb-spacing-right-medium:0px;--awb-spacing-left-medium:0px;--awb-width-small:100%;--awb-order-small:0;--awb-spacing-right-small:0px;--awb-spacing-left-small:0px;\"><div class=\"fusion-column-wrapper fusion-column-has-shadow fusion-flex-justify-content-flex-start fusion-content-layout-column\"><div class=\"fusion-image-element \" style=\"--awb-caption-title-font-family:var(--h2_typography-font-family);--awb-caption-title-font-weight:var(--h2_typography-font-weight);--awb-caption-title-font-style:var(--h2_typography-font-style);--awb-caption-title-size:var(--h2_typography-font-size);--awb-caption-title-transform:var(--h2_typography-text-transform);--awb-caption-title-line-height:var(--h2_typography-line-height);--awb-caption-title-letter-spacing:var(--h2_typography-letter-spacing);\"><span class=\" fusion-imageframe imageframe-none imageframe-1 hover-type-zoomin\" style=\"border-radius:8px;\"><img decoding=\"async\" width=\"500\" height=\"333\" title=\"jovenes-mojomayas\" src=\"https:\/\/conavigua.org.gt\/es\/wp-content\/uploads\/2022\/04\/jovenes-mojomayas.jpg\" data-orig-src=\"https:\/\/conavigua.org.gt\/es\/wp-content\/uploads\/2022\/04\/jovenes-mojomayas.jpg\" alt class=\"lazyload img-responsive wp-image-1632\" srcset=\"data:image\/svg+xml,%3Csvg%20xmlns%3D%27http%3A%2F%2Fwww.w3.org%2F2000%2Fsvg%27%20width%3D%27500%27%20height%3D%27333%27%20viewBox%3D%270%200%20500%20333%27%3E%3Crect%20width%3D%27500%27%20height%3D%27333%27%20fill-opacity%3D%220%22%2F%3E%3C%2Fsvg%3E\" data-srcset=\"https:\/\/conavigua.org.gt\/es\/wp-content\/uploads\/2022\/04\/jovenes-mojomayas-200x133.jpg 200w, https:\/\/conavigua.org.gt\/es\/wp-content\/uploads\/2022\/04\/jovenes-mojomayas-400x266.jpg 400w, https:\/\/conavigua.org.gt\/es\/wp-content\/uploads\/2022\/04\/jovenes-mojomayas.jpg 500w\" data-sizes=\"auto\" data-orig-sizes=\"(max-width: 1024px) 100vw, (max-width: 640px) 100vw, 500px\" \/><\/span><\/div><\/div><\/div><div class=\"fusion-layout-column fusion_builder_column fusion-builder-column-2 fusion_builder_column_1_2 1_2 fusion-flex-column fusion-flex-align-self-flex-start fusion-column-no-min-height\" style=\"--awb-padding-top:20px;--awb-padding-right:10px;--awb-padding-bottom:20px;--awb-padding-left:10px;--awb-bg-blend:overlay;--awb-bg-size:cover;--awb-width-large:50%;--awb-margin-top-large:0px;--awb-spacing-right-large:calc( 0.04 * calc( 100% - 0px ) );--awb-margin-bottom-large:0px;--awb-spacing-left-large:0px;--awb-width-medium:100%;--awb-order-medium:0;--awb-spacing-right-medium:0px;--awb-spacing-left-medium:0px;--awb-width-small:100%;--awb-order-small:0;--awb-spacing-right-small:0px;--awb-spacing-left-small:0px;\"><div class=\"fusion-column-wrapper fusion-column-has-shadow fusion-flex-justify-content-flex-start fusion-content-layout-column\"><div class=\"fusion-title title fusion-title-2 fusion-title-center fusion-title-text fusion-title-size-two\"><div class=\"title-sep-container title-sep-container-left\"><div class=\"title-sep sep- sep-solid\" style=\"border-color:var(--awb-color3);\"><\/div><\/div><span class=\"awb-title-spacer\"><\/span><h2 class=\"fusion-title-heading title-heading-center fusion-responsive-typography-calculated\" style=\"margin:0;--fontSize:35;line-height:var(--awb-typography1-line-height);\">Nuestros Programas<\/h2><span class=\"awb-title-spacer\"><\/span><div class=\"title-sep-container title-sep-container-right\"><div class=\"title-sep sep- sep-solid\" style=\"border-color:var(--awb-color3);\"><\/div><\/div><\/div><div class=\"accordian fusion-accordian\" style=\"--awb-border-size:1px;--awb-icon-size:13px;--awb-content-font-size:15px;--awb-icon-alignment:left;--awb-hover-color:var(--awb-color2);--awb-border-color:hsla(var(--awb-color8-h),var(--awb-color8-s),calc( var(--awb-color8-l) + 67% ),var(--awb-color8-a));--awb-background-color:var(--awb-color1);--awb-divider-color:var(--awb-color3);--awb-divider-hover-color:var(--awb-color3);--awb-icon-color:var(--awb-color1);--awb-title-color:var(--awb-color6);--awb-content-color:var(--awb-color5);--awb-icon-box-color:var(--awb-color6);--awb-toggle-hover-accent-color:var(--awb-color4);--awb-title-font-family:&quot;Raleway&quot;;--awb-title-font-weight:300;--awb-title-font-style:normal;--awb-content-font-family:&quot;Open Sans&quot;;--awb-content-font-style:normal;--awb-content-font-weight:400;\"><div class=\"panel-group fusion-toggle-icon-boxed\" id=\"accordion-1446-1\"><div class=\"fusion-panel panel-default panel-06bf134a4d2e7e5da fusion-toggle-no-divider\" style=\"--awb-title-color:var(--awb-color6);\"><div class=\"panel-heading\"><h4 class=\"panel-title toggle\" id=\"toggle_06bf134a4d2e7e5da\"><a aria-expanded=\"false\" aria-controls=\"06bf134a4d2e7e5da\" role=\"button\" data-toggle=\"collapse\" data-parent=\"#accordion-1446-1\" data-target=\"#06bf134a4d2e7e5da\" href=\"#06bf134a4d2e7e5da\"><span class=\"fusion-toggle-icon-wrapper\" aria-hidden=\"true\"><i class=\"fa-fusion-box active-icon awb-icon-minus\" aria-hidden=\"true\"><\/i><i class=\"fa-fusion-box inactive-icon awb-icon-plus\" aria-hidden=\"true\"><\/i><\/span><span class=\"fusion-toggle-heading\">LA ORGANIZACI\u00d3N<\/span><\/a><\/h4><\/div><div id=\"06bf134a4d2e7e5da\" class=\"panel-collapse collapse \" aria-labelledby=\"toggle_06bf134a4d2e7e5da\"><div class=\"panel-body toggle-content fusion-clearfix\">\n<p>Fortalecer la estructura organizativa de CONAVIGUA dese las bases comunitarias y municipales, a nivel nacional e internacional, promoviendo su liderazgo y participaci\u00f3n pol\u00edtica. <a href=\"https:\/\/conavigua.org.gt\/es\/fortalecimiento-organizativo\/\">Leer m\u00e1s<\/a><\/p>\n<\/div><\/div><\/div><div class=\"fusion-panel panel-default panel-eba6470fa7d115b0f fusion-toggle-no-divider\" style=\"--awb-title-color:var(--awb-color6);\"><div class=\"panel-heading\"><h4 class=\"panel-title toggle\" id=\"toggle_eba6470fa7d115b0f\"><a aria-expanded=\"false\" aria-controls=\"eba6470fa7d115b0f\" role=\"button\" data-toggle=\"collapse\" data-parent=\"#accordion-1446-1\" data-target=\"#eba6470fa7d115b0f\" href=\"#eba6470fa7d115b0f\"><span class=\"fusion-toggle-icon-wrapper\" aria-hidden=\"true\"><i class=\"fa-fusion-box active-icon awb-icon-minus\" aria-hidden=\"true\"><\/i><i class=\"fa-fusion-box inactive-icon awb-icon-plus\" aria-hidden=\"true\"><\/i><\/span><span class=\"fusion-toggle-heading\">FORMACI\u00d3N POL\u00cdTICA<\/span><\/a><\/h4><\/div><div id=\"eba6470fa7d115b0f\" class=\"panel-collapse collapse \" aria-labelledby=\"toggle_eba6470fa7d115b0f\"><div class=\"panel-body toggle-content fusion-clearfix\">\n<p>Fortalecer el liderazgo de las mujeres y juventudes mayas, para un posicionamiento pol\u00edtico y cr\u00edtico para la defensa de los derechos individuales y colectivos.<a href=\"https:\/\/conavigua.org.gt\/es\/justicia-y-transicion-1\/\"> Leer mas<\/a><\/p>\n<\/div><\/div><\/div><div class=\"fusion-panel panel-default panel-a406256fc1e8147e5 fusion-toggle-no-divider\" style=\"--awb-title-color:var(--awb-color6);\"><div class=\"panel-heading\"><h4 class=\"panel-title toggle\" id=\"toggle_a406256fc1e8147e5\"><a aria-expanded=\"false\" aria-controls=\"a406256fc1e8147e5\" role=\"button\" data-toggle=\"collapse\" data-parent=\"#accordion-1446-1\" data-target=\"#a406256fc1e8147e5\" href=\"#a406256fc1e8147e5\"><span class=\"fusion-toggle-icon-wrapper\" aria-hidden=\"true\"><i class=\"fa-fusion-box active-icon awb-icon-minus\" aria-hidden=\"true\"><\/i><i class=\"fa-fusion-box inactive-icon awb-icon-plus\" aria-hidden=\"true\"><\/i><\/span><span class=\"fusion-toggle-heading\">INCIDENCIA POL\u00cdTICA<\/span><\/a><\/h4><\/div><div id=\"a406256fc1e8147e5\" class=\"panel-collapse collapse \" aria-labelledby=\"toggle_a406256fc1e8147e5\"><div class=\"panel-body toggle-content fusion-clearfix\">\n<p>Fortalecer el mecanismo de participaci\u00f3n y acci\u00f3n, para llevar a cabo las propuestas y demandas de pol\u00edtica p\u00fablica en favor de la vida de las mujeres, juventud y pueblos ind\u00edgenas para la defensa de los<br \/>\nderechos individuales y colectivos.. <a href=\"https:\/\/conavigua.org.gt\/es\/programa-incidencia\/\">Leer m\u00e1s<\/a><\/p>\n<\/div><\/div><\/div><div class=\"fusion-panel panel-default panel-f63f3e368df6e29c9 fusion-toggle-no-divider\" style=\"--awb-title-color:var(--awb-color6);\"><div class=\"panel-heading\"><h4 class=\"panel-title toggle\" id=\"toggle_f63f3e368df6e29c9\"><a aria-expanded=\"false\" aria-controls=\"f63f3e368df6e29c9\" role=\"button\" data-toggle=\"collapse\" data-parent=\"#accordion-1446-1\" data-target=\"#f63f3e368df6e29c9\" href=\"#f63f3e368df6e29c9\"><span class=\"fusion-toggle-icon-wrapper\" aria-hidden=\"true\"><i class=\"fa-fusion-box active-icon awb-icon-minus\" aria-hidden=\"true\"><\/i><i class=\"fa-fusion-box inactive-icon awb-icon-plus\" aria-hidden=\"true\"><\/i><\/span><span class=\"fusion-toggle-heading\">JUSTICIA Y DIGNIFICACI\u00d3N<\/span><\/a><\/h4><\/div><div id=\"f63f3e368df6e29c9\" class=\"panel-collapse collapse \" aria-labelledby=\"toggle_f63f3e368df6e29c9\"><div class=\"panel-body toggle-content fusion-clearfix\">\n<p>Fortalecer la identidad y cosmovisi\u00f3n maya de las mujeres y juventudes a trav\u00e9s de la promoci\u00f3n de la justicia y el rescate de la memoria hist\u00f3rica, contribuyendo as\u00ed a la dignificaci\u00f3n de las\u00a0 v\u00edctimas y a la lucha contra la impunidad en los procesos de genocidio. <a href=\"https:\/\/conavigua.org.gt\/es\/formacion-y-capacitacion\/\">Leer m\u00e1s<\/a><\/p>\n<\/div><\/div><\/div><div class=\"fusion-panel panel-default panel-340086b1326822fc6 fusion-toggle-no-divider\" style=\"--awb-title-color:var(--awb-color6);\"><div class=\"panel-heading\"><h4 class=\"panel-title toggle\" id=\"toggle_340086b1326822fc6\"><a aria-expanded=\"false\" aria-controls=\"340086b1326822fc6\" role=\"button\" data-toggle=\"collapse\" data-parent=\"#accordion-1446-1\" data-target=\"#340086b1326822fc6\" href=\"#340086b1326822fc6\"><span class=\"fusion-toggle-icon-wrapper\" aria-hidden=\"true\"><i class=\"fa-fusion-box active-icon awb-icon-minus\" aria-hidden=\"true\"><\/i><i class=\"fa-fusion-box inactive-icon awb-icon-plus\" aria-hidden=\"true\"><\/i><\/span><span class=\"fusion-toggle-heading\">MOJOMAYAS<\/span><\/a><\/h4><\/div><div id=\"340086b1326822fc6\" class=\"panel-collapse collapse \" aria-labelledby=\"toggle_340086b1326822fc6\"><div class=\"panel-body toggle-content fusion-clearfix\">\n<p>Fortalecer la participaci\u00f3n pol\u00edtica de j\u00f3venes (mujeres y hombres), y su organizaci\u00f3n en MOJOMAYAS, para garantizar la defensa de sus derechos individuales y colectivos y la lucha y<br \/>\nresistencia en defensa de la madre tierra y el territorio. <a href=\"#.\">Leer m\u00e1s&#8230;<\/a><\/p>\n<\/div><\/div><\/div><div class=\"fusion-panel panel-default panel-1c206b01ccb11a520 fusion-toggle-no-divider\" style=\"--awb-title-color:var(--awb-color6);\"><div class=\"panel-heading\"><h4 class=\"panel-title toggle\" id=\"toggle_1c206b01ccb11a520\"><a aria-expanded=\"false\" aria-controls=\"1c206b01ccb11a520\" role=\"button\" data-toggle=\"collapse\" data-parent=\"#accordion-1446-1\" data-target=\"#1c206b01ccb11a520\" href=\"#1c206b01ccb11a520\"><span class=\"fusion-toggle-icon-wrapper\" aria-hidden=\"true\"><i class=\"fa-fusion-box active-icon awb-icon-minus\" aria-hidden=\"true\"><\/i><i class=\"fa-fusion-box inactive-icon awb-icon-plus\" aria-hidden=\"true\"><\/i><\/span><span class=\"fusion-toggle-heading\">SOSTENIBILIDAD INSTITUCIONAL<\/span><\/a><\/h4><\/div><div id=\"1c206b01ccb11a520\" class=\"panel-collapse collapse \" aria-labelledby=\"toggle_1c206b01ccb11a520\"><div class=\"panel-body toggle-content fusion-clearfix\">\n<p>Generar condiciones para la autonom\u00eda econ\u00f3mica de Conavigua, para dotar de los recursos econ\u00f3micos y materiales que garanticen el cumplimiento de sus objetivos.<\/p>\n<\/div><\/div><\/div><\/div><\/div><\/div><\/div><\/div><\/div><div class=\"fusion-fullwidth fullwidth-box fusion-builder-row-3 fusion-flex-container nonhundred-percent-fullwidth non-hundred-percent-height-scrolling\" style=\"--awb-background-position:left top;--awb-border-sizes-top:0px;--awb-border-sizes-bottom:0px;--awb-border-sizes-left:0px;--awb-border-sizes-right:0px;--awb-border-radius-top-left:0px;--awb-border-radius-top-right:0px;--awb-border-radius-bottom-right:0px;--awb-border-radius-bottom-left:0px;--awb-padding-top:60px;--awb-padding-right:5%;--awb-padding-bottom:75px;--awb-padding-left:5%;--awb-background-color:var(--awb-color4);--awb-flex-wrap:wrap;\" ><div class=\"fusion-builder-row fusion-row fusion-flex-align-items-flex-start fusion-flex-content-wrap\" style=\"max-width:calc( 1280px + 0px );margin-left: calc(-0px \/ 2 );margin-right: calc(-0px \/ 2 );\"><div class=\"fusion-layout-column fusion_builder_column fusion-builder-column-3 fusion_builder_column_1_2 1_2 fusion-flex-column fusion-flex-align-self-flex-start fusion-column-no-min-height\" style=\"--awb-padding-right:20px;--awb-bg-blend:overlay;--awb-bg-size:cover;--awb-width-large:50%;--awb-margin-top-large:0px;--awb-spacing-right-large:calc( 0.04 * calc( 100% - 0px ) );--awb-margin-bottom-large:0px;--awb-spacing-left-large:0px;--awb-width-medium:100%;--awb-order-medium:0;--awb-spacing-right-medium:0px;--awb-spacing-left-medium:0px;--awb-width-small:100%;--awb-order-small:0;--awb-spacing-right-small:0px;--awb-spacing-left-small:0px;\"><div class=\"fusion-column-wrapper fusion-column-has-shadow fusion-flex-justify-content-flex-start fusion-content-layout-column\"><div class=\"fusion-title title fusion-title-3 fusion-title-center fusion-title-text fusion-title-size-two\"><div class=\"title-sep-container title-sep-container-left\"><div class=\"title-sep sep- sep-solid\" style=\"border-color:var(--awb-color3);\"><\/div><\/div><span class=\"awb-title-spacer\"><\/span><h2 class=\"fusion-title-heading title-heading-center fusion-responsive-typography-calculated\" style=\"margin:0;--fontSize:35;line-height:var(--awb-typography1-line-height);\"><span style=\"color: #ffffff;\">MISI\u00d3N<\/span><\/h2><span class=\"awb-title-spacer\"><\/span><div class=\"title-sep-container title-sep-container-right\"><div class=\"title-sep sep- sep-solid\" style=\"border-color:var(--awb-color3);\"><\/div><\/div><\/div><div class=\"fusion-text fusion-text-3\" style=\"--awb-text-color:var(--awb-color1);\"><p style=\"color: var(--awb-color1)fff; text-align: center; letter-spacing: 1px;\">La Coordinadora Nacional de Viudas de Guatemala CONAVIGUA, es una organizaci\u00f3n de mujeres, que luchamos por el disfrute de los derechos individuales y colectivos de las mujeres mayas y de los Pueblos Ind\u00edgenas.<\/p>\n<\/div><div class=\"fusion-separator fusion-full-width-sep\" style=\"align-self: center;margin-left: auto;margin-right: auto;margin-top:5px;margin-bottom:5px;width:100%;\"><\/div><div style=\"text-align:center;\"><a class=\"fusion-button button-flat button-xlarge button-custom fusion-button-default button-1 fusion-button-span-no button-action\" style=\"--button_accent_color:var(--awb-color1);--button_accent_hover_color:var(--awb-color4);--button_border_hover_color:var(--awb-color4);--button_border_width-top:2px;--button_border_width-right:2px;--button_border_width-bottom:2px;--button_border_width-left:2px;--button_gradient_top_color:rgba(255,255,255,0);--button_gradient_bottom_color:rgba(255,255,255,0);--button_gradient_top_color_hover:var(--awb-color1);--button_gradient_bottom_color_hover:var(--awb-color1);\" target=\"_self\" href=\"https:\/\/conavigua.org.gt\/es\/quienes-somos\/\"><span class=\"fusion-button-text\">LEER M\u00c1S<\/span><\/a><\/div><\/div><\/div><div class=\"fusion-layout-column fusion_builder_column fusion-builder-column-4 fusion_builder_column_1_2 1_2 fusion-flex-column fusion-flex-align-self-flex-start fusion-column-no-min-height\" style=\"--awb-padding-left:20px;--awb-bg-blend:overlay;--awb-bg-size:cover;--awb-width-large:50%;--awb-margin-top-large:0px;--awb-spacing-right-large:0px;--awb-margin-bottom-large:0px;--awb-spacing-left-large:calc( 0.04 * calc( 100% - 0px ) );--awb-width-medium:100%;--awb-order-medium:0;--awb-spacing-right-medium:0px;--awb-spacing-left-medium:0px;--awb-width-small:100%;--awb-order-small:0;--awb-spacing-right-small:0px;--awb-spacing-left-small:0px;\"><div class=\"fusion-column-wrapper fusion-column-has-shadow fusion-flex-justify-content-flex-start fusion-content-layout-column\"><div class=\"fusion-title title fusion-title-4 fusion-title-center fusion-title-text fusion-title-size-two\"><div class=\"title-sep-container title-sep-container-left\"><div class=\"title-sep sep- sep-solid\" style=\"border-color:var(--awb-color3);\"><\/div><\/div><span class=\"awb-title-spacer\"><\/span><h2 class=\"fusion-title-heading title-heading-center fusion-responsive-typography-calculated\" style=\"margin:0;--fontSize:35;line-height:var(--awb-typography1-line-height);\"><span style=\"color: #ffffff;\">VISI\u00d3N<\/span><\/h2><span class=\"awb-title-spacer\"><\/span><div class=\"title-sep-container title-sep-container-right\"><div class=\"title-sep sep- sep-solid\" style=\"border-color:var(--awb-color3);\"><\/div><\/div><\/div><div class=\"fusion-text fusion-text-4\" style=\"--awb-text-color:var(--awb-color1);\"><p style=\"color: var(--awb-color1)fff; text-align: center; letter-spacing: 1px;\">Organizaci\u00f3n de mujeres consolidada, como referente pol\u00edtico y que incide en el \u00e1mbito pol\u00edtico institucional del Estado para su transformaci\u00f3n a favor y en defensa de los derechos individuales y colectivos de las mujeres mayas y de los Pueblos Ind\u00edgenas.<\/p>\n<\/div><div class=\"fusion-separator fusion-full-width-sep\" style=\"align-self: center;margin-left: auto;margin-right: auto;margin-top:5px;margin-bottom:5px;width:100%;\"><\/div><div style=\"text-align:center;\"><a class=\"fusion-button button-flat button-xlarge button-custom fusion-button-default button-2 fusion-button-span-no button-action\" style=\"--button_accent_color:var(--awb-color1);--button_accent_hover_color:var(--awb-color4);--button_border_hover_color:var(--awb-color4);--button_border_width-top:2px;--button_border_width-right:2px;--button_border_width-bottom:2px;--button_border_width-left:2px;--button_gradient_top_color:rgba(255,255,255,0);--button_gradient_bottom_color:rgba(255,255,255,0);--button_gradient_top_color_hover:var(--awb-color1);--button_gradient_bottom_color_hover:var(--awb-color1);\" target=\"_self\" href=\"https:\/\/conavigua.org.gt\/es\/quienes-somos\/\"><span class=\"fusion-button-text\">LEER M\u00c1S<\/span><\/a><\/div><\/div><\/div><\/div><\/div><\/p>\n","protected":false},"excerpt":{"rendered":"","protected":false},"author":1,"featured_media":0,"parent":0,"menu_order":0,"comment_status":"closed","ping_status":"closed","template":"100-width.php","meta":{"footnotes":""},"class_list":["post-1446","page","type-page","status-publish","hentry"],"_links":{"self":[{"href":"https:\/\/conavigua.org.gt\/es\/wp-json\/wp\/v2\/pages\/1446","targetHints":{"allow":["GET"]}}],"collection":[{"href":"https:\/\/conavigua.org.gt\/es\/wp-json\/wp\/v2\/pages"}],"about":[{"href":"https:\/\/conavigua.org.gt\/es\/wp-json\/wp\/v2\/types\/page"}],"author":[{"embeddable":true,"href":"https:\/\/conavigua.org.gt\/es\/wp-json\/wp\/v2\/users\/1"}],"replies":[{"embeddable":true,"href":"https:\/\/conavigua.org.gt\/es\/wp-json\/wp\/v2\/comments?post=1446"}],"version-history":[{"count":37,"href":"https:\/\/conavigua.org.gt\/es\/wp-json\/wp\/v2\/pages\/1446\/revisions"}],"predecessor-version":[{"id":2027,"href":"https:\/\/conavigua.org.gt\/es\/wp-json\/wp\/v2\/pages\/1446\/revisions\/2027"}],"wp:attachment":[{"href":"https:\/\/conavigua.org.gt\/es\/wp-json\/wp\/v2\/media?parent=1446"}],"curies":[{"name":"wp","href":"https:\/\/api.w.org\/{rel}","templated":true}]}}