{"id":1688,"date":"2022-05-31T17:44:27","date_gmt":"2022-05-31T17:44:27","guid":{"rendered":"https:\/\/conavigua.org.gt\/es\/?page_id=1688"},"modified":"2025-02-25T04:59:21","modified_gmt":"2025-02-25T04:59:21","slug":"fortalecimiento-organizativo","status":"publish","type":"page","link":"https:\/\/conavigua.org.gt\/es\/fortalecimiento-organizativo\/","title":{"rendered":"La Organizaci\u00f3n (para generar fuerza popular)"},"content":{"rendered":"<p><div class=\"fusion-fullwidth fullwidth-box fusion-builder-row-1 fusion-flex-container hundred-percent-fullwidth non-hundred-percent-height-scrolling\" style=\"--awb-background-position:left top;--awb-border-sizes-top:0px;--awb-border-sizes-bottom:0px;--awb-border-sizes-left:0px;--awb-border-sizes-right:0px;--awb-border-radius-top-left:0px;--awb-border-radius-top-right:0px;--awb-border-radius-bottom-right:0px;--awb-border-radius-bottom-left:0px;--awb-padding-top:0px;--awb-padding-right:0px;--awb-padding-bottom:0px;--awb-padding-left:0px;--awb-flex-wrap:wrap;\" ><div class=\"fusion-builder-row fusion-row fusion-flex-align-items-stretch fusion-flex-content-wrap\" style=\"width:calc( 100% + 0px ) !important;max-width:calc( 100% + 0px ) !important;margin-left: calc(-0px \/ 2 );margin-right: calc(-0px \/ 2 );\"><div class=\"fusion-layout-column fusion_builder_column fusion-builder-column-0 fusion_builder_column_1_2 1_2 fusion-flex-column\" style=\"--awb-padding-top:10%;--awb-padding-right:10%;--awb-padding-bottom:5%;--awb-padding-left:15%;--awb-bg-color:#ffffff;--awb-bg-color-hover:#ffffff;--awb-bg-size:cover;--awb-width-large:50%;--awb-margin-top-large:0px;--awb-spacing-right-large:0px;--awb-margin-bottom-large:0px;--awb-spacing-left-large:0px;--awb-width-medium:100%;--awb-order-medium:0;--awb-spacing-right-medium:0px;--awb-spacing-left-medium:0px;--awb-width-small:100%;--awb-order-small:0;--awb-spacing-right-small:0px;--awb-spacing-left-small:0px;\"><div class=\"fusion-column-wrapper fusion-column-has-shadow fusion-flex-justify-content-center fusion-content-layout-column\"><div class=\"fusion-text fusion-text-1\"><p style=\"text-align: justify;\">Fortalecer la estructura organizativa de CONAVIGUA desde las bases comunitarias y municipales, a nivel nacional e internacional, promoviendo su liderazgo y participaci\u00f3n pol\u00edtica.<\/p>\n<p><strong>L\u00edneas de acci\u00f3n\u00a0<\/strong><\/p>\n<ul>\n<li>Fortalecer las estructuras de los diferentes niveles.<\/li>\n<li>Que los proceso que facilita CONAVIGUA sean intergeneracionales.<\/li>\n<li>Desarrollo de asambleas municipales y nacional, para la conducci\u00f3n pol\u00edtica, legal y operativa del trabajo en CONAVIGUA.<\/li>\n<li>Desarrollar los mecanismos que garantizan la participaci\u00f3n, los riesgos, la formaci\u00f3n y la coordinaci\u00f3n entre las socias, de los diferentes ni\u00e9veles de la estructura organizativa.<\/li>\n<\/ul>\n<\/div><\/div><\/div><div class=\"fusion-layout-column fusion_builder_column fusion-builder-column-1 fusion_builder_column_1_2 1_2 fusion-flex-column\" style=\"--awb-padding-top:8%;--awb-padding-right:10%;--awb-padding-bottom:10%;--awb-padding-left:10%;--awb-bg-size:cover;--awb-width-large:50%;--awb-margin-top-large:0px;--awb-spacing-right-large:0px;--awb-margin-bottom-large:0px;--awb-spacing-left-large:0px;--awb-width-medium:100%;--awb-order-medium:0;--awb-spacing-right-medium:0px;--awb-spacing-left-medium:0px;--awb-width-small:100%;--awb-order-small:0;--awb-spacing-right-small:0px;--awb-spacing-left-small:0px;\"><div class=\"fusion-column-wrapper fusion-column-has-shadow fusion-flex-justify-content-center fusion-content-layout-column\"><div class=\"fusion-image-element \" style=\"--awb-caption-title-font-family:var(--h2_typography-font-family);--awb-caption-title-font-weight:var(--h2_typography-font-weight);--awb-caption-title-font-style:var(--h2_typography-font-style);--awb-caption-title-size:var(--h2_typography-font-size);--awb-caption-title-transform:var(--h2_typography-text-transform);--awb-caption-title-line-height:var(--h2_typography-line-height);--awb-caption-title-letter-spacing:var(--h2_typography-letter-spacing);\"><span class=\" fusion-imageframe imageframe-none imageframe-1 hover-type-none\" style=\"border-radius:6px;\"><img decoding=\"async\" width=\"494\" height=\"407\" title=\"fortalecimiento-04\" src=\"https:\/\/conavigua.org.gt\/es\/wp-content\/uploads\/2022\/05\/fortalecimiento-04.jpg\" data-orig-src=\"https:\/\/conavigua.org.gt\/es\/wp-content\/uploads\/2022\/05\/fortalecimiento-04.jpg\" alt class=\"lazyload img-responsive wp-image-1694\" srcset=\"data:image\/svg+xml,%3Csvg%20xmlns%3D%27http%3A%2F%2Fwww.w3.org%2F2000%2Fsvg%27%20width%3D%27494%27%20height%3D%27407%27%20viewBox%3D%270%200%20494%20407%27%3E%3Crect%20width%3D%27494%27%20height%3D%27407%27%20fill-opacity%3D%220%22%2F%3E%3C%2Fsvg%3E\" data-srcset=\"https:\/\/conavigua.org.gt\/es\/wp-content\/uploads\/2022\/05\/fortalecimiento-04-200x165.jpg 200w, https:\/\/conavigua.org.gt\/es\/wp-content\/uploads\/2022\/05\/fortalecimiento-04-400x330.jpg 400w, https:\/\/conavigua.org.gt\/es\/wp-content\/uploads\/2022\/05\/fortalecimiento-04.jpg 494w\" data-sizes=\"auto\" data-orig-sizes=\"(max-width: 1024px) 100vw, (max-width: 640px) 100vw, 494px\" \/><\/span><\/div><\/div><\/div><div class=\"fusion-layout-column fusion_builder_column fusion-builder-column-2 fusion_builder_column_1_1 1_1 fusion-flex-column\" style=\"--awb-padding-top:10%;--awb-padding-right:10%;--awb-padding-bottom:5%;--awb-padding-left:15%;--awb-bg-color:#ffffff;--awb-bg-color-hover:#ffffff;--awb-bg-size:cover;--awb-width-large:100%;--awb-margin-top-large:0px;--awb-spacing-right-large:0px;--awb-margin-bottom-large:0px;--awb-spacing-left-large:0px;--awb-width-medium:100%;--awb-order-medium:0;--awb-spacing-right-medium:0px;--awb-spacing-left-medium:0px;--awb-width-small:100%;--awb-order-small:0;--awb-spacing-right-small:0px;--awb-spacing-left-small:0px;\"><div class=\"fusion-column-wrapper fusion-column-has-shadow fusion-flex-justify-content-center fusion-content-layout-column\"><div class=\"awb-gallery-wrapper awb-gallery-wrapper-1 button-span-no\"><div style=\"margin:-5px;--awb-bordersize:0px;\" class=\"fusion-gallery fusion-gallery-container fusion-grid-3 fusion-columns-total-6 fusion-gallery-layout-grid fusion-gallery-1\"><div style=\"padding:5px;\" class=\"fusion-grid-column fusion-gallery-column fusion-gallery-column-3 hover-type-none\"><div class=\"fusion-gallery-image\"><a href=\"https:\/\/conavigua.org.gt\/es\/wp-content\/uploads\/2022\/05\/fortalecimiento-06.jpg\" rel=\"noreferrer\" data-rel=\"iLightbox[gallery_image_1]\" class=\"fusion-lightbox\" target=\"_self\"><img decoding=\"async\" src=\"https:\/\/conavigua.org.gt\/es\/wp-content\/uploads\/2022\/05\/fortalecimiento-06.jpg\" data-orig-src=\"https:\/\/conavigua.org.gt\/es\/wp-content\/uploads\/2022\/05\/fortalecimiento-06.jpg\" width=\"494\" height=\"407\" alt=\"\" title=\"fortalecimiento-06\" aria-label=\"fortalecimiento-06\" class=\"lazyload img-responsive wp-image-1696\" srcset=\"data:image\/svg+xml,%3Csvg%20xmlns%3D%27http%3A%2F%2Fwww.w3.org%2F2000%2Fsvg%27%20width%3D%27494%27%20height%3D%27407%27%20viewBox%3D%270%200%20494%20407%27%3E%3Crect%20width%3D%27494%27%20height%3D%27407%27%20fill-opacity%3D%220%22%2F%3E%3C%2Fsvg%3E\" data-srcset=\"https:\/\/conavigua.org.gt\/es\/wp-content\/uploads\/2022\/05\/fortalecimiento-06-200x165.jpg 200w, https:\/\/conavigua.org.gt\/es\/wp-content\/uploads\/2022\/05\/fortalecimiento-06-400x330.jpg 400w, https:\/\/conavigua.org.gt\/es\/wp-content\/uploads\/2022\/05\/fortalecimiento-06.jpg 494w\" data-sizes=\"auto\" data-orig-sizes=\"(min-width: 2200px) 100vw, (min-width: 824px) 423px, (min-width: 732px) 635px, (min-width: 640px) 732px, \" \/><\/a><\/div><\/div><div style=\"padding:5px;\" class=\"fusion-grid-column fusion-gallery-column fusion-gallery-column-3 hover-type-none\"><div class=\"fusion-gallery-image\"><a href=\"https:\/\/conavigua.org.gt\/es\/wp-content\/uploads\/2022\/05\/fortalecimiento-05.jpg\" rel=\"noreferrer\" data-rel=\"iLightbox[gallery_image_1]\" class=\"fusion-lightbox\" target=\"_self\"><img decoding=\"async\" src=\"https:\/\/conavigua.org.gt\/es\/wp-content\/uploads\/2022\/05\/fortalecimiento-05.jpg\" data-orig-src=\"https:\/\/conavigua.org.gt\/es\/wp-content\/uploads\/2022\/05\/fortalecimiento-05.jpg\" width=\"494\" height=\"407\" alt=\"\" title=\"fortalecimiento-05\" aria-label=\"fortalecimiento-05\" class=\"lazyload img-responsive wp-image-1695\" srcset=\"data:image\/svg+xml,%3Csvg%20xmlns%3D%27http%3A%2F%2Fwww.w3.org%2F2000%2Fsvg%27%20width%3D%27494%27%20height%3D%27407%27%20viewBox%3D%270%200%20494%20407%27%3E%3Crect%20width%3D%27494%27%20height%3D%27407%27%20fill-opacity%3D%220%22%2F%3E%3C%2Fsvg%3E\" data-srcset=\"https:\/\/conavigua.org.gt\/es\/wp-content\/uploads\/2022\/05\/fortalecimiento-05-200x165.jpg 200w, https:\/\/conavigua.org.gt\/es\/wp-content\/uploads\/2022\/05\/fortalecimiento-05-400x330.jpg 400w, https:\/\/conavigua.org.gt\/es\/wp-content\/uploads\/2022\/05\/fortalecimiento-05.jpg 494w\" data-sizes=\"auto\" data-orig-sizes=\"(min-width: 2200px) 100vw, (min-width: 824px) 423px, (min-width: 732px) 635px, (min-width: 640px) 732px, \" \/><\/a><\/div><\/div><div style=\"padding:5px;\" class=\"fusion-grid-column fusion-gallery-column fusion-gallery-column-3 hover-type-none\"><div class=\"fusion-gallery-image\"><a href=\"https:\/\/conavigua.org.gt\/es\/wp-content\/uploads\/2022\/05\/fortalecimiento-03.jpg\" rel=\"noreferrer\" data-rel=\"iLightbox[gallery_image_1]\" class=\"fusion-lightbox\" target=\"_self\"><img decoding=\"async\" src=\"https:\/\/conavigua.org.gt\/es\/wp-content\/uploads\/2022\/05\/fortalecimiento-03.jpg\" data-orig-src=\"https:\/\/conavigua.org.gt\/es\/wp-content\/uploads\/2022\/05\/fortalecimiento-03.jpg\" width=\"494\" height=\"407\" alt=\"\" title=\"fortalecimiento-03\" aria-label=\"fortalecimiento-03\" class=\"lazyload img-responsive wp-image-1693\" srcset=\"data:image\/svg+xml,%3Csvg%20xmlns%3D%27http%3A%2F%2Fwww.w3.org%2F2000%2Fsvg%27%20width%3D%27494%27%20height%3D%27407%27%20viewBox%3D%270%200%20494%20407%27%3E%3Crect%20width%3D%27494%27%20height%3D%27407%27%20fill-opacity%3D%220%22%2F%3E%3C%2Fsvg%3E\" data-srcset=\"https:\/\/conavigua.org.gt\/es\/wp-content\/uploads\/2022\/05\/fortalecimiento-03-200x165.jpg 200w, https:\/\/conavigua.org.gt\/es\/wp-content\/uploads\/2022\/05\/fortalecimiento-03-400x330.jpg 400w, https:\/\/conavigua.org.gt\/es\/wp-content\/uploads\/2022\/05\/fortalecimiento-03.jpg 494w\" data-sizes=\"auto\" data-orig-sizes=\"(min-width: 2200px) 100vw, (min-width: 824px) 423px, (min-width: 732px) 635px, (min-width: 640px) 732px, \" \/><\/a><\/div><\/div><div class=\"clearfix\"><\/div><div style=\"padding:5px;\" class=\"fusion-grid-column fusion-gallery-column fusion-gallery-column-3 hover-type-none\"><div class=\"fusion-gallery-image\"><a href=\"https:\/\/conavigua.org.gt\/es\/wp-content\/uploads\/2022\/05\/fortalecimiento-02.jpg\" rel=\"noreferrer\" data-rel=\"iLightbox[gallery_image_1]\" class=\"fusion-lightbox\" target=\"_self\"><img decoding=\"async\" src=\"https:\/\/conavigua.org.gt\/es\/wp-content\/uploads\/2022\/05\/fortalecimiento-02.jpg\" data-orig-src=\"https:\/\/conavigua.org.gt\/es\/wp-content\/uploads\/2022\/05\/fortalecimiento-02.jpg\" width=\"494\" height=\"407\" alt=\"\" title=\"fortalecimiento-02\" aria-label=\"fortalecimiento-02\" class=\"lazyload img-responsive wp-image-1692\" srcset=\"data:image\/svg+xml,%3Csvg%20xmlns%3D%27http%3A%2F%2Fwww.w3.org%2F2000%2Fsvg%27%20width%3D%27494%27%20height%3D%27407%27%20viewBox%3D%270%200%20494%20407%27%3E%3Crect%20width%3D%27494%27%20height%3D%27407%27%20fill-opacity%3D%220%22%2F%3E%3C%2Fsvg%3E\" data-srcset=\"https:\/\/conavigua.org.gt\/es\/wp-content\/uploads\/2022\/05\/fortalecimiento-02-200x165.jpg 200w, https:\/\/conavigua.org.gt\/es\/wp-content\/uploads\/2022\/05\/fortalecimiento-02-400x330.jpg 400w, https:\/\/conavigua.org.gt\/es\/wp-content\/uploads\/2022\/05\/fortalecimiento-02.jpg 494w\" data-sizes=\"auto\" data-orig-sizes=\"(min-width: 2200px) 100vw, (min-width: 824px) 423px, (min-width: 732px) 635px, (min-width: 640px) 732px, \" \/><\/a><\/div><\/div><div style=\"padding:5px;\" class=\"fusion-grid-column fusion-gallery-column fusion-gallery-column-3 hover-type-none\"><div class=\"fusion-gallery-image\"><a href=\"https:\/\/conavigua.org.gt\/es\/wp-content\/uploads\/2022\/05\/fortalecimiento-01.jpg\" rel=\"noreferrer\" data-rel=\"iLightbox[gallery_image_1]\" class=\"fusion-lightbox\" target=\"_self\"><img decoding=\"async\" src=\"https:\/\/conavigua.org.gt\/es\/wp-content\/uploads\/2022\/05\/fortalecimiento-01.jpg\" data-orig-src=\"https:\/\/conavigua.org.gt\/es\/wp-content\/uploads\/2022\/05\/fortalecimiento-01.jpg\" width=\"494\" height=\"407\" alt=\"\" title=\"fortalecimiento-01\" aria-label=\"fortalecimiento-01\" class=\"lazyload img-responsive wp-image-1691\" srcset=\"data:image\/svg+xml,%3Csvg%20xmlns%3D%27http%3A%2F%2Fwww.w3.org%2F2000%2Fsvg%27%20width%3D%27494%27%20height%3D%27407%27%20viewBox%3D%270%200%20494%20407%27%3E%3Crect%20width%3D%27494%27%20height%3D%27407%27%20fill-opacity%3D%220%22%2F%3E%3C%2Fsvg%3E\" data-srcset=\"https:\/\/conavigua.org.gt\/es\/wp-content\/uploads\/2022\/05\/fortalecimiento-01-200x165.jpg 200w, https:\/\/conavigua.org.gt\/es\/wp-content\/uploads\/2022\/05\/fortalecimiento-01-400x330.jpg 400w, https:\/\/conavigua.org.gt\/es\/wp-content\/uploads\/2022\/05\/fortalecimiento-01.jpg 494w\" data-sizes=\"auto\" data-orig-sizes=\"(min-width: 2200px) 100vw, (min-width: 824px) 423px, (min-width: 732px) 635px, (min-width: 640px) 732px, \" \/><\/a><\/div><\/div><div style=\"padding:5px;\" class=\"fusion-grid-column fusion-gallery-column fusion-gallery-column-3 hover-type-none\"><div class=\"fusion-gallery-image\"><a href=\"https:\/\/conavigua.org.gt\/es\/wp-content\/uploads\/2022\/07\/fortalecimiento-organizativo.jpg\" rel=\"noreferrer\" data-rel=\"iLightbox[gallery_image_1]\" class=\"fusion-lightbox\" target=\"_self\"><img decoding=\"async\" src=\"https:\/\/conavigua.org.gt\/es\/wp-content\/uploads\/2022\/07\/fortalecimiento-organizativo.jpg\" data-orig-src=\"https:\/\/conavigua.org.gt\/es\/wp-content\/uploads\/2022\/07\/fortalecimiento-organizativo.jpg\" width=\"569\" height=\"447\" alt=\"\" title=\"fortalecimiento-organizativo\" aria-label=\"fortalecimiento-organizativo\" class=\"lazyload img-responsive wp-image-1816\" srcset=\"data:image\/svg+xml,%3Csvg%20xmlns%3D%27http%3A%2F%2Fwww.w3.org%2F2000%2Fsvg%27%20width%3D%27569%27%20height%3D%27447%27%20viewBox%3D%270%200%20569%20447%27%3E%3Crect%20width%3D%27569%27%20height%3D%27447%27%20fill-opacity%3D%220%22%2F%3E%3C%2Fsvg%3E\" data-srcset=\"https:\/\/conavigua.org.gt\/es\/wp-content\/uploads\/2022\/07\/fortalecimiento-organizativo-200x157.jpg 200w, https:\/\/conavigua.org.gt\/es\/wp-content\/uploads\/2022\/07\/fortalecimiento-organizativo-400x314.jpg 400w, https:\/\/conavigua.org.gt\/es\/wp-content\/uploads\/2022\/07\/fortalecimiento-organizativo.jpg 569w\" data-sizes=\"auto\" data-orig-sizes=\"(min-width: 2200px) 100vw, (min-width: 824px) 423px, (min-width: 732px) 635px, (min-width: 640px) 732px, \" \/><\/a><\/div><\/div><div class=\"clearfix\"><\/div><\/div><\/div><\/div><\/div><\/div><\/div><div class=\"fusion-fullwidth fullwidth-box fusion-builder-row-2 fusion-flex-container nonhundred-percent-fullwidth non-hundred-percent-height-scrolling\" style=\"--awb-border-sizes-top:0px;--awb-border-sizes-bottom:0px;--awb-border-sizes-left:0px;--awb-border-sizes-right:0px;--awb-border-radius-top-left:0px;--awb-border-radius-top-right:0px;--awb-border-radius-bottom-right:0px;--awb-border-radius-bottom-left:0px;--awb-padding-top:50px;--awb-padding-right:15%;--awb-padding-bottom:50px;--awb-padding-left:15%;--awb-background-color:#f10000;--awb-flex-wrap:wrap;\" ><div class=\"fusion-builder-row fusion-row fusion-flex-align-items-flex-start fusion-flex-content-wrap\" style=\"max-width:calc( 1280px + 0px );margin-left: calc(-0px \/ 2 );margin-right: calc(-0px \/ 2 );\"><div class=\"fusion-layout-column fusion_builder_column fusion-builder-column-3 fusion_builder_column_1_1 1_1 fusion-flex-column fusion-flex-align-self-flex-start fusion-column-no-min-height\" style=\"--awb-bg-blend:overlay;--awb-bg-size:cover;--awb-width-large:100%;--awb-margin-top-large:0px;--awb-spacing-right-large:0px;--awb-margin-bottom-large:24px;--awb-spacing-left-large:0px;--awb-width-medium:100%;--awb-spacing-right-medium:0px;--awb-spacing-left-medium:0px;--awb-width-small:100%;--awb-spacing-right-small:0px;--awb-spacing-left-small:0px;\"><div class=\"fusion-column-wrapper fusion-flex-justify-content-flex-start fusion-content-layout-column\"><div class=\"fusion-title title fusion-title-1 fusion-title-center fusion-title-text fusion-title-size-two\"><div class=\"title-sep-container title-sep-container-left\"><div class=\"title-sep sep- sep-solid\" style=\"border-color:var(--awb-color3);\"><\/div><\/div><span class=\"awb-title-spacer\"><\/span><h2 class=\"fusion-title-heading title-heading-center fusion-responsive-typography-calculated\" style=\"margin:0;--fontSize:35;line-height:var(--awb-typography1-line-height);\"><span style=\"color: #ffffff;\">S\u00edguenos en nuestras redes sociales<\/span><\/h2><span class=\"awb-title-spacer\"><\/span><div class=\"title-sep-container title-sep-container-right\"><div class=\"title-sep sep- sep-solid\" style=\"border-color:var(--awb-color3);\"><\/div><\/div><\/div><\/div><\/div><div class=\"fusion-layout-column fusion_builder_column fusion-builder-column-4 fusion_builder_column_1_1 1_1 fusion-flex-column fusion-flex-align-self-flex-start fusion-column-no-min-height\" style=\"--awb-bg-blend:overlay;--awb-bg-size:cover;--awb-width-large:100%;--awb-margin-top-large:0px;--awb-spacing-right-large:0px;--awb-margin-bottom-large:0px;--awb-spacing-left-large:0px;--awb-width-medium:100%;--awb-spacing-right-medium:0px;--awb-spacing-left-medium:0px;--awb-width-small:100%;--awb-spacing-right-small:0px;--awb-spacing-left-small:0px;\"><div class=\"fusion-column-wrapper fusion-flex-justify-content-flex-start fusion-content-layout-column\"><div class=\"fusion-social-links fusion-social-links-1\" style=\"--awb-margin-top:0px;--awb-margin-right:0px;--awb-margin-bottom:0px;--awb-margin-left:0px;--awb-alignment:center;--awb-box-border-top:0px;--awb-box-border-right:0px;--awb-box-border-bottom:0px;--awb-box-border-left:0px;--awb-icon-colors-hover:hsla(var(--awb-color3-h),var(--awb-color3-s),var(--awb-color3-l),calc( var(--awb-color3-a) - 20% ));--awb-box-colors-hover:hsla(var(--awb-color8-h),var(--awb-color8-s),calc( var(--awb-color8-l) + 78% ),calc( var(--awb-color8-a) - 20% ));--awb-box-border-color:var(--awb-color3);--awb-box-border-color-hover:var(--awb-color4);\"><div class=\"fusion-social-networks boxed-icons color-type-brand\"><div class=\"fusion-social-networks-wrapper\"><a class=\"fusion-social-network-icon fusion-tooltip fusion-facebook awb-icon-facebook\" style=\"color:#ffffff;font-size:30px;width:30px;background-color:#3b5998;border-color:#3b5998;border-radius:50%;\" data-placement=\"top\" data-title=\"Facebook\" data-toggle=\"tooltip\" title=\"Facebook\" aria-label=\"facebook\" target=\"_blank\" rel=\"noopener noreferrer\" href=\"#\"><\/a><a class=\"fusion-social-network-icon fusion-tooltip fusion-twitter awb-icon-twitter\" style=\"color:#ffffff;font-size:30px;width:30px;background-color:#55acee;border-color:#55acee;border-radius:50%;\" data-placement=\"top\" data-title=\"Twitter\" data-toggle=\"tooltip\" title=\"Twitter\" aria-label=\"twitter\" target=\"_blank\" rel=\"noopener noreferrer\" href=\"#\"><\/a><a class=\"fusion-social-network-icon fusion-tooltip fusion-instagram awb-icon-instagram\" style=\"color:#ffffff;font-size:30px;width:30px;background-color:#3f729b;border-color:#3f729b;border-radius:50%;\" data-placement=\"top\" data-title=\"Instagram\" data-toggle=\"tooltip\" title=\"Instagram\" aria-label=\"instagram\" target=\"_blank\" rel=\"noopener noreferrer\" href=\"#\"><\/a><\/div><\/div><\/div><\/div><\/div><\/div><\/div><\/p>\n","protected":false},"excerpt":{"rendered":"","protected":false},"author":1,"featured_media":0,"parent":0,"menu_order":0,"comment_status":"closed","ping_status":"closed","template":"100-width.php","meta":{"footnotes":""},"class_list":["post-1688","page","type-page","status-publish","hentry"],"_links":{"self":[{"href":"https:\/\/conavigua.org.gt\/es\/wp-json\/wp\/v2\/pages\/1688","targetHints":{"allow":["GET"]}}],"collection":[{"href":"https:\/\/conavigua.org.gt\/es\/wp-json\/wp\/v2\/pages"}],"about":[{"href":"https:\/\/conavigua.org.gt\/es\/wp-json\/wp\/v2\/types\/page"}],"author":[{"embeddable":true,"href":"https:\/\/conavigua.org.gt\/es\/wp-json\/wp\/v2\/users\/1"}],"replies":[{"embeddable":true,"href":"https:\/\/conavigua.org.gt\/es\/wp-json\/wp\/v2\/comments?post=1688"}],"version-history":[{"count":15,"href":"https:\/\/conavigua.org.gt\/es\/wp-json\/wp\/v2\/pages\/1688\/revisions"}],"predecessor-version":[{"id":2025,"href":"https:\/\/conavigua.org.gt\/es\/wp-json\/wp\/v2\/pages\/1688\/revisions\/2025"}],"wp:attachment":[{"href":"https:\/\/conavigua.org.gt\/es\/wp-json\/wp\/v2\/media?parent=1688"}],"curies":[{"name":"wp","href":"https:\/\/api.w.org\/{rel}","templated":true}]}}