{"id":1724,"date":"2022-06-01T14:25:34","date_gmt":"2022-06-01T14:25:34","guid":{"rendered":"https:\/\/conavigua.org.gt\/es\/?page_id=1724"},"modified":"2022-07-25T21:58:08","modified_gmt":"2022-07-25T21:58:08","slug":"justicia-y-transicion-1","status":"publish","type":"page","link":"https:\/\/conavigua.org.gt\/es\/justicia-y-transicion-1\/","title":{"rendered":"Justicia de Transici\u00f3n"},"content":{"rendered":"<p><div class=\"fusion-fullwidth fullwidth-box fusion-builder-row-1 fusion-flex-container nonhundred-percent-fullwidth non-hundred-percent-height-scrolling\" style=\"--awb-background-position:left top;--awb-border-sizes-top:0px;--awb-border-sizes-bottom:0px;--awb-border-sizes-left:0px;--awb-border-sizes-right:0px;--awb-border-radius-top-left:0px;--awb-border-radius-top-right:0px;--awb-border-radius-bottom-right:0px;--awb-border-radius-bottom-left:0px;--awb-padding-top:60px;--awb-padding-right:5%;--awb-padding-bottom:60px;--awb-padding-left:5%;--awb-flex-wrap:wrap;\" ><div class=\"fusion-builder-row fusion-row fusion-flex-align-items-flex-start fusion-flex-content-wrap\" style=\"max-width:calc( 1280px + 0px );margin-left: calc(-0px \/ 2 );margin-right: calc(-0px \/ 2 );\"><div class=\"fusion-layout-column fusion_builder_column fusion-builder-column-0 fusion_builder_column_1_1 1_1 fusion-flex-column fusion-flex-align-self-flex-start fusion-column-no-min-height\" style=\"--awb-bg-size:cover;--awb-width-large:100%;--awb-margin-top-large:0px;--awb-spacing-right-large:0px;--awb-margin-bottom-large:0px;--awb-spacing-left-large:0px;--awb-width-medium:100%;--awb-spacing-right-medium:0px;--awb-spacing-left-medium:0px;--awb-width-small:100%;--awb-spacing-right-small:0px;--awb-spacing-left-small:0px;\"><div class=\"fusion-column-wrapper fusion-flex-justify-content-flex-start fusion-content-layout-column\"><div class=\"fusion-title title fusion-title-1 fusion-title-center fusion-title-text fusion-title-size-two\"><div class=\"title-sep-container title-sep-container-left\"><div class=\"title-sep sep- sep-solid\" style=\"border-color:var(--awb-color3);\"><\/div><\/div><span class=\"awb-title-spacer\"><\/span><h2 class=\"fusion-title-heading title-heading-center fusion-responsive-typography-calculated\" style=\"margin:0;--fontSize:35;line-height:var(--awb-typography1-line-height);\"><strong>Programa Justicia de Transici\u00f3n<\/strong><\/h2><span class=\"awb-title-spacer\"><\/span><div class=\"title-sep-container title-sep-container-right\"><div class=\"title-sep sep- sep-solid\" style=\"border-color:var(--awb-color3);\"><\/div><\/div><\/div><div class=\"fusion-text fusion-text-1\"><p style=\"text-align: justify;\">Durante los treinta y seis a\u00f1os de conflicto armado interno en Guatemala, se cometieron graves violaciones a los derechos humanos.<\/p>\n<p style=\"text-align: justify;\">El Programa Justicia de Transici\u00f3n, inicia a partir de la necesidad de la adopci\u00f3n de medidas para garantizar a las v\u00edctimas sobrevivientes del conflicto armado interno, el derecho a la justicia y la verdad, a una adecuada, efectiva y r\u00e1pida reparaci\u00f3n y, a la certeza de que las violaciones no volver\u00e1n a repetirse.<\/p>\n<p style=\"text-align: justify;\"><strong>El proceso de justicia de transici\u00f3n implica<\/strong><\/p>\n<ul>\n<li style=\"text-align: justify;\"><em>Derecho a la Justicia, <\/em>este derecho obliga al Estado a investigar las violaciones de forma eficaz, r\u00e1pida, completa e imparcial y adoptar a las medidas apropiadas para que sus autores sean procesados, juzgados y condenados debidamente.<\/li>\n<\/ul>\n<\/div><\/div><\/div><\/div><\/div><div class=\"fusion-fullwidth fullwidth-box fusion-builder-row-2 fusion-flex-container hundred-percent-fullwidth non-hundred-percent-height-scrolling\" style=\"--awb-background-position:left top;--awb-border-sizes-top:0px;--awb-border-sizes-bottom:0px;--awb-border-sizes-left:0px;--awb-border-sizes-right:0px;--awb-border-radius-top-left:0px;--awb-border-radius-top-right:0px;--awb-border-radius-bottom-right:0px;--awb-border-radius-bottom-left:0px;--awb-padding-top:0px;--awb-padding-right:0px;--awb-padding-bottom:0px;--awb-padding-left:0px;--awb-flex-wrap:wrap;\" ><div class=\"fusion-builder-row fusion-row fusion-flex-align-items-stretch fusion-flex-content-wrap\" style=\"width:calc( 100% + 0px ) !important;max-width:calc( 100% + 0px ) !important;margin-left: calc(-0px \/ 2 );margin-right: calc(-0px \/ 2 );\"><div class=\"fusion-layout-column fusion_builder_column fusion-builder-column-1 fusion_builder_column_1_2 1_2 fusion-flex-column\" style=\"--awb-padding-top:9%;--awb-padding-right:15%;--awb-padding-bottom:9%;--awb-padding-left:15%;--awb-bg-color:var(--awb-color2);--awb-bg-color-hover:var(--awb-color2);--awb-bg-size:cover;--awb-width-large:50%;--awb-margin-top-large:0px;--awb-spacing-right-large:0px;--awb-margin-bottom-large:0px;--awb-spacing-left-large:0px;--awb-width-medium:50%;--awb-order-medium:0;--awb-spacing-right-medium:0px;--awb-spacing-left-medium:0px;--awb-width-small:100%;--awb-order-small:0;--awb-spacing-right-small:0px;--awb-spacing-left-small:0px;\"><div class=\"fusion-column-wrapper fusion-column-has-shadow fusion-flex-justify-content-center fusion-content-layout-column\"><div class=\"fusion-text fusion-text-2\"><ul>\n<li style=\"text-align: justify;\"><em>Derecho a la Verdad, <\/em>cada pueblo tiene el derecho inalienable a conocer la verdad acerca de cr\u00edmenes y violaciones graves a los derechos humanos cometidas en el pasado. El ejercicio pleno y efectivo del derecho a la verdad proporciona una salvaguardia fundamental contra la repetici\u00f3n de tales violaciones.<\/li>\n<\/ul>\n<ul>\n<li style=\"text-align: justify;\"><em>Derecho a la reparaci\u00f3n, <\/em>la reparaci\u00f3n adecuada, efectiva y r\u00e1pida tiene por finalidad promover la justicia, remediando las violaciones cometidas. El Estado debe, entre otras cosas, dar una reparaci\u00f3n apropiada y proporcional a la gravedad de la violaci\u00f3n y a las circunstancias de cada caso, por medio de medidas de restituci\u00f3n, indemnizaci\u00f3n, rehabilitaci\u00f3n, satisfacci\u00f3n y garant\u00edas de no repetici\u00f3n.<\/li>\n<\/ul>\n<\/div><\/div><\/div><div class=\"fusion-layout-column fusion_builder_column fusion-builder-column-2 fusion_builder_column_1_2 1_2 fusion-flex-column\" style=\"--awb-padding-top:80px;--awb-padding-right:100px;--awb-padding-bottom:80px;--awb-padding-left:100px;--awb-bg-position:center center;--awb-bg-size:cover;--awb-width-large:50%;--awb-margin-top-large:0px;--awb-spacing-right-large:0px;--awb-margin-bottom-large:0px;--awb-spacing-left-large:0px;--awb-width-medium:50%;--awb-order-medium:0;--awb-spacing-right-medium:0px;--awb-spacing-left-medium:0px;--awb-width-small:100%;--awb-order-small:0;--awb-spacing-right-small:0px;--awb-spacing-left-small:0px;\"><div class=\"fusion-column-wrapper lazyload fusion-column-has-shadow fusion-flex-justify-content-center fusion-content-layout-column fusion-empty-column-bg-image fusion-column-has-bg-image\" data-bg-url=\"https:\/\/conavigua.org.gt\/es\/wp-content\/uploads\/2022\/06\/justicia-03.jpg\" data-bg=\"https:\/\/conavigua.org.gt\/es\/wp-content\/uploads\/2022\/06\/justicia-03.jpg\"><img decoding=\"async\" class=\"fusion-empty-dims-img-placeholder fusion-no-large-visibility fusion-no-medium-visibility\" src=\"data:image\/svg+xml,%3Csvg%20xmlns%3D%27http%3A%2F%2Fwww.w3.org%2F2000%2Fsvg%27%20width%3D%27640%27%20height%3D%27450%27%20viewBox%3D%270%200%20640%20450%27%3E%3Crect%20width%3D%27640%27%20height%3D%27450%27%20fill-opacity%3D%220%22%2F%3E%3C%2Fsvg%3E\"><\/div><\/div><\/div><\/div><div class=\"fusion-fullwidth fullwidth-box fusion-builder-row-3 fusion-flex-container hundred-percent-fullwidth non-hundred-percent-height-scrolling\" style=\"--awb-background-position:left top;--awb-border-sizes-top:0px;--awb-border-sizes-bottom:0px;--awb-border-sizes-left:0px;--awb-border-sizes-right:0px;--awb-border-radius-top-left:0px;--awb-border-radius-top-right:0px;--awb-border-radius-bottom-right:0px;--awb-border-radius-bottom-left:0px;--awb-padding-top:0px;--awb-padding-right:0px;--awb-padding-bottom:0px;--awb-padding-left:0px;--awb-flex-wrap:wrap;\" ><div class=\"fusion-builder-row fusion-row fusion-flex-align-items-stretch fusion-flex-content-wrap\" style=\"width:calc( 100% + 0px ) !important;max-width:calc( 100% + 0px ) !important;margin-left: calc(-0px \/ 2 );margin-right: calc(-0px \/ 2 );\"><div class=\"fusion-layout-column fusion_builder_column fusion-builder-column-3 fusion_builder_column_1_2 1_2 fusion-flex-column\" style=\"--awb-padding-top:100px;--awb-padding-right:100px;--awb-padding-bottom:100px;--awb-padding-left:100px;--awb-bg-position:center center;--awb-bg-size:cover;--awb-width-large:50%;--awb-margin-top-large:0px;--awb-spacing-right-large:0px;--awb-margin-bottom-large:0px;--awb-spacing-left-large:0px;--awb-width-medium:50%;--awb-order-medium:0;--awb-spacing-right-medium:0px;--awb-spacing-left-medium:0px;--awb-width-small:100%;--awb-order-small:1;--awb-spacing-right-small:0px;--awb-spacing-left-small:0px;\"><div class=\"fusion-column-wrapper lazyload fusion-column-has-shadow fusion-flex-justify-content-center fusion-content-layout-column fusion-empty-column-bg-image fusion-column-has-bg-image\" data-bg-url=\"https:\/\/conavigua.org.gt\/es\/wp-content\/uploads\/2022\/07\/justicia-07-02-1.jpg\" data-bg=\"https:\/\/conavigua.org.gt\/es\/wp-content\/uploads\/2022\/07\/justicia-07-02-1.jpg\"><img decoding=\"async\" class=\"fusion-empty-dims-img-placeholder fusion-no-large-visibility fusion-no-medium-visibility\" src=\"data:image\/svg+xml,%3Csvg%20xmlns%3D%27http%3A%2F%2Fwww.w3.org%2F2000%2Fsvg%27%20width%3D%27563%27%20height%3D%27562%27%20viewBox%3D%270%200%20563%20562%27%3E%3Crect%20width%3D%27563%27%20height%3D%27562%27%20fill-opacity%3D%220%22%2F%3E%3C%2Fsvg%3E\"><\/div><\/div><div class=\"fusion-layout-column fusion_builder_column fusion-builder-column-4 fusion_builder_column_1_2 1_2 fusion-flex-column\" style=\"--awb-padding-top:15%;--awb-padding-right:15%;--awb-padding-bottom:15%;--awb-padding-left:15%;--awb-bg-color:var(--awb-color1);--awb-bg-color-hover:var(--awb-color1);--awb-bg-size:cover;--awb-width-large:50%;--awb-margin-top-large:0px;--awb-spacing-right-large:0px;--awb-margin-bottom-large:0px;--awb-spacing-left-large:0px;--awb-width-medium:50%;--awb-spacing-right-medium:0px;--awb-spacing-left-medium:0px;--awb-width-small:100%;--awb-spacing-right-small:0px;--awb-spacing-left-small:0px;\"><div class=\"fusion-column-wrapper fusion-flex-justify-content-center fusion-content-layout-column\"><div class=\"fusion-text fusion-text-3\"><p style=\"text-align: justify;\">Las acciones que se impulsan en el programa de justicia de transici\u00f3n, son las siguientes:<\/p>\n<ul>\n<li style=\"text-align: justify;\">Acompa\u00f1amiento psicosocial.<\/li>\n<li style=\"text-align: justify;\">Acompa\u00f1amiento en el trabajo de exhumaciones e inhumaciones<\/li>\n<li style=\"text-align: justify;\">Sistematizaci\u00f3n de la experiencia de CONAVIGUA, en este tema, documentando casos, procesos, metodolog\u00eda de trabajo y alianzas que se han impulsado.<\/li>\n<li style=\"text-align: justify;\">Trabajo profundo con las v\u00edctimas de violaci\u00f3n sexual, ajustando una metodolog\u00eda pertinente y desde la cosmovisi\u00f3n maya.<\/li>\n<\/ul>\n<\/div><\/div><\/div><\/div><\/div><div class=\"fusion-fullwidth fullwidth-box fusion-builder-row-4 fusion-flex-container nonhundred-percent-fullwidth non-hundred-percent-height-scrolling\" style=\"--awb-background-position:left top;--awb-border-sizes-top:0px;--awb-border-sizes-bottom:0px;--awb-border-sizes-left:0px;--awb-border-sizes-right:0px;--awb-border-radius-top-left:0px;--awb-border-radius-top-right:0px;--awb-border-radius-bottom-right:0px;--awb-border-radius-bottom-left:0px;--awb-padding-top:60px;--awb-padding-right:5%;--awb-padding-bottom:60px;--awb-padding-left:5%;--awb-background-color:var(--awb-color2);--awb-flex-wrap:wrap;\" ><div class=\"fusion-builder-row fusion-row fusion-flex-align-items-flex-start fusion-flex-content-wrap\" style=\"max-width:calc( 1280px + 0px );margin-left: calc(-0px \/ 2 );margin-right: calc(-0px \/ 2 );\"><div class=\"fusion-layout-column fusion_builder_column fusion-builder-column-5 fusion_builder_column_1_1 1_1 fusion-flex-column fusion-flex-align-self-flex-start fusion-column-no-min-height\" style=\"--awb-bg-size:cover;--awb-width-large:100%;--awb-margin-top-large:0px;--awb-spacing-right-large:0px;--awb-margin-bottom-large:0px;--awb-spacing-left-large:0px;--awb-width-medium:100%;--awb-spacing-right-medium:0px;--awb-spacing-left-medium:0px;--awb-width-small:100%;--awb-spacing-right-small:0px;--awb-spacing-left-small:0px;\"><div class=\"fusion-column-wrapper fusion-flex-justify-content-flex-start fusion-content-layout-column\"><div class=\"fusion-text fusion-text-4\"><ul>\n<li>Trabajo con aliados estrat\u00e9gicos y coordinaci\u00f3n con otras organizaciones representantes de v\u00edctimas sobrevivientes, para el acompa\u00f1amiento jur\u00eddico y sean juzgados los casos de graves violaciones a los derechos humanos, ocurridos durante el conflicto armado interno, en el ejercicio de los derechos a la justicia, a la verdad y a la reparaci\u00f3n digna.<\/li>\n<li>Este programa, es parte de las alianzas estrat\u00e9gicas nacionales e internacionales.<\/li>\n<li>Trabajo de incidencia para continuar con el proceso de resarcimiento y luchar por las medidas integrales en los aspectos: econ\u00f3mico, material, dignificaci\u00f3n, psicosocial y cultural.<\/li>\n<li>El trabajo del programa de justicia de transici\u00f3n, est\u00e1 relacionada con la defensa del territorio y a la participaci\u00f3n ciudadana y pol\u00edtica de las mujeres.<\/li>\n<\/ul>\n<\/div><div class=\"fusion-separator fusion-full-width-sep\" style=\"align-self: center;margin-left: auto;margin-right: auto;margin-top:20px;margin-bottom:20px;width:100%;\"><\/div><div class=\"awb-gallery-wrapper awb-gallery-wrapper-1 button-span-no\"><div style=\"margin:-5px;--awb-bordersize:0px;\" class=\"fusion-gallery fusion-gallery-container fusion-grid-3 fusion-columns-total-6 fusion-gallery-layout-grid fusion-gallery-1\"><div style=\"padding:5px;\" class=\"fusion-grid-column fusion-gallery-column fusion-gallery-column-3 hover-type-none\"><div class=\"fusion-gallery-image\"><a href=\"https:\/\/conavigua.org.gt\/es\/wp-content\/uploads\/2022\/07\/justicia-07-01.jpg\" rel=\"noreferrer\" data-rel=\"iLightbox[gallery_image_1]\" class=\"fusion-lightbox\" target=\"_self\"><img decoding=\"async\" src=\"https:\/\/conavigua.org.gt\/es\/wp-content\/uploads\/2022\/07\/justicia-07-01.jpg\" data-orig-src=\"https:\/\/conavigua.org.gt\/es\/wp-content\/uploads\/2022\/07\/justicia-07-01.jpg\" width=\"528\" height=\"442\" alt=\"\" title=\"justicia-07-01\" aria-label=\"justicia-07-01\" class=\"lazyload img-responsive wp-image-1820\" srcset=\"data:image\/svg+xml,%3Csvg%20xmlns%3D%27http%3A%2F%2Fwww.w3.org%2F2000%2Fsvg%27%20width%3D%27528%27%20height%3D%27442%27%20viewBox%3D%270%200%20528%20442%27%3E%3Crect%20width%3D%27528%27%20height%3D%27442%27%20fill-opacity%3D%220%22%2F%3E%3C%2Fsvg%3E\" data-srcset=\"https:\/\/conavigua.org.gt\/es\/wp-content\/uploads\/2022\/07\/justicia-07-01-200x167.jpg 200w, https:\/\/conavigua.org.gt\/es\/wp-content\/uploads\/2022\/07\/justicia-07-01-400x335.jpg 400w, https:\/\/conavigua.org.gt\/es\/wp-content\/uploads\/2022\/07\/justicia-07-01.jpg 528w\" data-sizes=\"auto\" data-orig-sizes=\"(min-width: 2200px) 100vw, (min-width: 824px) 423px, (min-width: 732px) 635px, (min-width: 640px) 732px, \" \/><\/a><\/div><\/div><div style=\"padding:5px;\" class=\"fusion-grid-column fusion-gallery-column fusion-gallery-column-3 hover-type-none\"><div class=\"fusion-gallery-image\"><a href=\"https:\/\/conavigua.org.gt\/es\/wp-content\/uploads\/2022\/06\/justicia-06.jpg\" rel=\"noreferrer\" data-rel=\"iLightbox[gallery_image_1]\" class=\"fusion-lightbox\" target=\"_self\"><img decoding=\"async\" src=\"https:\/\/conavigua.org.gt\/es\/wp-content\/uploads\/2022\/06\/justicia-06.jpg\" data-orig-src=\"https:\/\/conavigua.org.gt\/es\/wp-content\/uploads\/2022\/06\/justicia-06.jpg\" width=\"640\" height=\"450\" alt=\"\" title=\"justicia-06\" aria-label=\"justicia-06\" class=\"lazyload img-responsive wp-image-1730\" srcset=\"data:image\/svg+xml,%3Csvg%20xmlns%3D%27http%3A%2F%2Fwww.w3.org%2F2000%2Fsvg%27%20width%3D%27640%27%20height%3D%27450%27%20viewBox%3D%270%200%20640%20450%27%3E%3Crect%20width%3D%27640%27%20height%3D%27450%27%20fill-opacity%3D%220%22%2F%3E%3C%2Fsvg%3E\" data-srcset=\"https:\/\/conavigua.org.gt\/es\/wp-content\/uploads\/2022\/06\/justicia-06-200x141.jpg 200w, https:\/\/conavigua.org.gt\/es\/wp-content\/uploads\/2022\/06\/justicia-06-400x281.jpg 400w, https:\/\/conavigua.org.gt\/es\/wp-content\/uploads\/2022\/06\/justicia-06-600x422.jpg 600w, https:\/\/conavigua.org.gt\/es\/wp-content\/uploads\/2022\/06\/justicia-06.jpg 640w\" data-sizes=\"auto\" data-orig-sizes=\"(min-width: 2200px) 100vw, (min-width: 824px) 423px, (min-width: 732px) 635px, (min-width: 640px) 732px, \" \/><\/a><\/div><\/div><div style=\"padding:5px;\" class=\"fusion-grid-column fusion-gallery-column fusion-gallery-column-3 hover-type-none\"><div class=\"fusion-gallery-image\"><a href=\"https:\/\/conavigua.org.gt\/es\/wp-content\/uploads\/2022\/06\/justicia-05.jpg\" rel=\"noreferrer\" data-rel=\"iLightbox[gallery_image_1]\" class=\"fusion-lightbox\" target=\"_self\"><img decoding=\"async\" src=\"https:\/\/conavigua.org.gt\/es\/wp-content\/uploads\/2022\/06\/justicia-05.jpg\" data-orig-src=\"https:\/\/conavigua.org.gt\/es\/wp-content\/uploads\/2022\/06\/justicia-05.jpg\" width=\"640\" height=\"450\" alt=\"\" title=\"justicia-05\" aria-label=\"justicia-05\" class=\"lazyload img-responsive wp-image-1729\" srcset=\"data:image\/svg+xml,%3Csvg%20xmlns%3D%27http%3A%2F%2Fwww.w3.org%2F2000%2Fsvg%27%20width%3D%27640%27%20height%3D%27450%27%20viewBox%3D%270%200%20640%20450%27%3E%3Crect%20width%3D%27640%27%20height%3D%27450%27%20fill-opacity%3D%220%22%2F%3E%3C%2Fsvg%3E\" data-srcset=\"https:\/\/conavigua.org.gt\/es\/wp-content\/uploads\/2022\/06\/justicia-05-200x141.jpg 200w, https:\/\/conavigua.org.gt\/es\/wp-content\/uploads\/2022\/06\/justicia-05-400x281.jpg 400w, https:\/\/conavigua.org.gt\/es\/wp-content\/uploads\/2022\/06\/justicia-05-600x422.jpg 600w, https:\/\/conavigua.org.gt\/es\/wp-content\/uploads\/2022\/06\/justicia-05.jpg 640w\" data-sizes=\"auto\" data-orig-sizes=\"(min-width: 2200px) 100vw, (min-width: 824px) 423px, (min-width: 732px) 635px, (min-width: 640px) 732px, \" \/><\/a><\/div><\/div><div class=\"clearfix\"><\/div><div style=\"padding:5px;\" class=\"fusion-grid-column fusion-gallery-column fusion-gallery-column-3 hover-type-none\"><div class=\"fusion-gallery-image\"><a href=\"https:\/\/conavigua.org.gt\/es\/wp-content\/uploads\/2022\/06\/justicia-04.jpg\" rel=\"noreferrer\" data-rel=\"iLightbox[gallery_image_1]\" class=\"fusion-lightbox\" target=\"_self\"><img decoding=\"async\" src=\"https:\/\/conavigua.org.gt\/es\/wp-content\/uploads\/2022\/06\/justicia-04.jpg\" data-orig-src=\"https:\/\/conavigua.org.gt\/es\/wp-content\/uploads\/2022\/06\/justicia-04.jpg\" width=\"640\" height=\"450\" alt=\"\" title=\"justicia-04\" aria-label=\"justicia-04\" class=\"lazyload img-responsive wp-image-1728\" srcset=\"data:image\/svg+xml,%3Csvg%20xmlns%3D%27http%3A%2F%2Fwww.w3.org%2F2000%2Fsvg%27%20width%3D%27640%27%20height%3D%27450%27%20viewBox%3D%270%200%20640%20450%27%3E%3Crect%20width%3D%27640%27%20height%3D%27450%27%20fill-opacity%3D%220%22%2F%3E%3C%2Fsvg%3E\" data-srcset=\"https:\/\/conavigua.org.gt\/es\/wp-content\/uploads\/2022\/06\/justicia-04-200x141.jpg 200w, https:\/\/conavigua.org.gt\/es\/wp-content\/uploads\/2022\/06\/justicia-04-400x281.jpg 400w, https:\/\/conavigua.org.gt\/es\/wp-content\/uploads\/2022\/06\/justicia-04-600x422.jpg 600w, https:\/\/conavigua.org.gt\/es\/wp-content\/uploads\/2022\/06\/justicia-04.jpg 640w\" data-sizes=\"auto\" data-orig-sizes=\"(min-width: 2200px) 100vw, (min-width: 824px) 423px, (min-width: 732px) 635px, (min-width: 640px) 732px, \" \/><\/a><\/div><\/div><div style=\"padding:5px;\" class=\"fusion-grid-column fusion-gallery-column fusion-gallery-column-3 hover-type-none\"><div class=\"fusion-gallery-image\"><a href=\"https:\/\/conavigua.org.gt\/es\/wp-content\/uploads\/2022\/06\/justicia-02.jpg\" rel=\"noreferrer\" data-rel=\"iLightbox[gallery_image_1]\" class=\"fusion-lightbox\" target=\"_self\"><img decoding=\"async\" src=\"https:\/\/conavigua.org.gt\/es\/wp-content\/uploads\/2022\/06\/justicia-02.jpg\" data-orig-src=\"https:\/\/conavigua.org.gt\/es\/wp-content\/uploads\/2022\/06\/justicia-02.jpg\" width=\"640\" height=\"450\" alt=\"\" title=\"justicia-02\" aria-label=\"justicia-02\" class=\"lazyload img-responsive wp-image-1726\" srcset=\"data:image\/svg+xml,%3Csvg%20xmlns%3D%27http%3A%2F%2Fwww.w3.org%2F2000%2Fsvg%27%20width%3D%27640%27%20height%3D%27450%27%20viewBox%3D%270%200%20640%20450%27%3E%3Crect%20width%3D%27640%27%20height%3D%27450%27%20fill-opacity%3D%220%22%2F%3E%3C%2Fsvg%3E\" data-srcset=\"https:\/\/conavigua.org.gt\/es\/wp-content\/uploads\/2022\/06\/justicia-02-200x141.jpg 200w, https:\/\/conavigua.org.gt\/es\/wp-content\/uploads\/2022\/06\/justicia-02-400x281.jpg 400w, https:\/\/conavigua.org.gt\/es\/wp-content\/uploads\/2022\/06\/justicia-02-600x422.jpg 600w, https:\/\/conavigua.org.gt\/es\/wp-content\/uploads\/2022\/06\/justicia-02.jpg 640w\" data-sizes=\"auto\" data-orig-sizes=\"(min-width: 2200px) 100vw, (min-width: 824px) 423px, (min-width: 732px) 635px, (min-width: 640px) 732px, \" \/><\/a><\/div><\/div><div style=\"padding:5px;\" class=\"fusion-grid-column fusion-gallery-column fusion-gallery-column-3 hover-type-none\"><div class=\"fusion-gallery-image\"><a href=\"https:\/\/conavigua.org.gt\/es\/wp-content\/uploads\/2022\/06\/justicia-01.jpg\" rel=\"noreferrer\" data-rel=\"iLightbox[gallery_image_1]\" class=\"fusion-lightbox\" target=\"_self\"><img decoding=\"async\" src=\"https:\/\/conavigua.org.gt\/es\/wp-content\/uploads\/2022\/06\/justicia-01.jpg\" data-orig-src=\"https:\/\/conavigua.org.gt\/es\/wp-content\/uploads\/2022\/06\/justicia-01.jpg\" width=\"640\" height=\"450\" alt=\"\" title=\"justicia-01\" aria-label=\"justicia-01\" class=\"lazyload img-responsive wp-image-1725\" srcset=\"data:image\/svg+xml,%3Csvg%20xmlns%3D%27http%3A%2F%2Fwww.w3.org%2F2000%2Fsvg%27%20width%3D%27640%27%20height%3D%27450%27%20viewBox%3D%270%200%20640%20450%27%3E%3Crect%20width%3D%27640%27%20height%3D%27450%27%20fill-opacity%3D%220%22%2F%3E%3C%2Fsvg%3E\" data-srcset=\"https:\/\/conavigua.org.gt\/es\/wp-content\/uploads\/2022\/06\/justicia-01-200x141.jpg 200w, https:\/\/conavigua.org.gt\/es\/wp-content\/uploads\/2022\/06\/justicia-01-400x281.jpg 400w, https:\/\/conavigua.org.gt\/es\/wp-content\/uploads\/2022\/06\/justicia-01-600x422.jpg 600w, https:\/\/conavigua.org.gt\/es\/wp-content\/uploads\/2022\/06\/justicia-01.jpg 640w\" data-sizes=\"auto\" data-orig-sizes=\"(min-width: 2200px) 100vw, (min-width: 824px) 423px, (min-width: 732px) 635px, (min-width: 640px) 732px, \" \/><\/a><\/div><\/div><div class=\"clearfix\"><\/div><\/div><\/div><\/div><\/div><\/div><\/div><\/p>\n","protected":false},"excerpt":{"rendered":"","protected":false},"author":1,"featured_media":0,"parent":0,"menu_order":0,"comment_status":"closed","ping_status":"closed","template":"100-width.php","meta":{"footnotes":""},"class_list":["post-1724","page","type-page","status-publish","hentry"],"_links":{"self":[{"href":"https:\/\/conavigua.org.gt\/es\/wp-json\/wp\/v2\/pages\/1724","targetHints":{"allow":["GET"]}}],"collection":[{"href":"https:\/\/conavigua.org.gt\/es\/wp-json\/wp\/v2\/pages"}],"about":[{"href":"https:\/\/conavigua.org.gt\/es\/wp-json\/wp\/v2\/types\/page"}],"author":[{"embeddable":true,"href":"https:\/\/conavigua.org.gt\/es\/wp-json\/wp\/v2\/users\/1"}],"replies":[{"embeddable":true,"href":"https:\/\/conavigua.org.gt\/es\/wp-json\/wp\/v2\/comments?post=1724"}],"version-history":[{"count":25,"href":"https:\/\/conavigua.org.gt\/es\/wp-json\/wp\/v2\/pages\/1724\/revisions"}],"predecessor-version":[{"id":1821,"href":"https:\/\/conavigua.org.gt\/es\/wp-json\/wp\/v2\/pages\/1724\/revisions\/1821"}],"wp:attachment":[{"href":"https:\/\/conavigua.org.gt\/es\/wp-json\/wp\/v2\/media?parent=1724"}],"curies":[{"name":"wp","href":"https:\/\/api.w.org\/{rel}","templated":true}]}}