{"id":1764,"date":"2022-06-01T21:00:28","date_gmt":"2022-06-01T21:00:28","guid":{"rendered":"https:\/\/conavigua.org.gt\/es\/?page_id=1764"},"modified":"2022-06-02T15:32:28","modified_gmt":"2022-06-02T15:32:28","slug":"jovenes-mojomoyas","status":"publish","type":"page","link":"https:\/\/conavigua.org.gt\/es\/jovenes-mojomoyas\/","title":{"rendered":"J\u00f3venes Mojomoyas"},"content":{"rendered":"<p><div class=\"fusion-fullwidth fullwidth-box fusion-builder-row-1 fusion-flex-container nonhundred-percent-fullwidth non-hundred-percent-height-scrolling\" style=\"--awb-background-position:left top;--awb-border-sizes-top:0px;--awb-border-sizes-bottom:0px;--awb-border-sizes-left:0px;--awb-border-sizes-right:0px;--awb-border-radius-top-left:0px;--awb-border-radius-top-right:0px;--awb-border-radius-bottom-right:0px;--awb-border-radius-bottom-left:0px;--awb-padding-top:60px;--awb-padding-right:5%;--awb-padding-bottom:60px;--awb-padding-left:5%;--awb-flex-wrap:wrap;\" ><div class=\"fusion-builder-row fusion-row fusion-flex-align-items-flex-start fusion-flex-content-wrap\" style=\"max-width:calc( 1280px + 0px );margin-left: calc(-0px \/ 2 );margin-right: calc(-0px \/ 2 );\"><div class=\"fusion-layout-column fusion_builder_column fusion-builder-column-0 fusion_builder_column_1_1 1_1 fusion-flex-column fusion-flex-align-self-flex-start fusion-column-no-min-height\" style=\"--awb-bg-size:cover;--awb-width-large:100%;--awb-margin-top-large:0px;--awb-spacing-right-large:0px;--awb-margin-bottom-large:0px;--awb-spacing-left-large:0px;--awb-width-medium:100%;--awb-spacing-right-medium:0px;--awb-spacing-left-medium:0px;--awb-width-small:100%;--awb-spacing-right-small:0px;--awb-spacing-left-small:0px;\"><div class=\"fusion-column-wrapper fusion-flex-justify-content-flex-start fusion-content-layout-column\"><div class=\"fusion-title title fusion-title-1 fusion-title-center fusion-title-text fusion-title-size-two\"><div class=\"title-sep-container title-sep-container-left\"><div class=\"title-sep sep- sep-solid\" style=\"border-color:var(--awb-color3);\"><\/div><\/div><span class=\"awb-title-spacer\"><\/span><h2 class=\"fusion-title-heading title-heading-center fusion-responsive-typography-calculated\" style=\"margin:0;--fontSize:35;line-height:var(--awb-typography1-line-height);\"><strong>Movimiento de J\u00f3venes Mayas -MOJOMAYAS\u00ad-<\/strong><\/h2><span class=\"awb-title-spacer\"><\/span><div class=\"title-sep-container title-sep-container-right\"><div class=\"title-sep sep- sep-solid\" style=\"border-color:var(--awb-color3);\"><\/div><\/div><\/div><div class=\"fusion-text fusion-text-1\"><p><strong>INFORMACI\u00d3N GENERAL<\/strong><\/p>\n<p style=\"text-align: justify;\">El Movimiento de J\u00f3venes Mayas \u2013Mojomayas- es una unidad de pensamientos y voluntades de j\u00f3venes mayas de 9 regiones ling\u00fc\u00edsticas que promueve y defiende los derechos de la ni\u00f1ez y juventud maya a trav\u00e9s de procesos de organizaci\u00f3n, formaci\u00f3n, participaci\u00f3n social, participaci\u00f3n pol\u00edtica e incidencia.<\/p>\n<p style=\"text-align: justify;\">Surgi\u00f3 en el marco organizativo de CONAVIGUA, y cuenta con un equipo de j\u00f3venes que inciden a nivel local, nacional y regional en funci\u00f3n de la defensa de los derechos individuales y colectivos de los pueblos ind\u00edgenas, ni\u00f1as, ni\u00f1os, j\u00f3venes mujeres y hombres.<\/p>\n<\/div><\/div><\/div><\/div><\/div><div class=\"fusion-fullwidth fullwidth-box fusion-builder-row-2 fusion-flex-container hundred-percent-fullwidth non-hundred-percent-height-scrolling\" style=\"--awb-background-position:left top;--awb-border-sizes-top:0px;--awb-border-sizes-bottom:0px;--awb-border-sizes-left:0px;--awb-border-sizes-right:0px;--awb-border-radius-top-left:0px;--awb-border-radius-top-right:0px;--awb-border-radius-bottom-right:0px;--awb-border-radius-bottom-left:0px;--awb-padding-top:0px;--awb-padding-right:0px;--awb-padding-bottom:0px;--awb-padding-left:0px;--awb-flex-wrap:wrap;\" ><div class=\"fusion-builder-row fusion-row fusion-flex-align-items-stretch fusion-flex-content-wrap\" style=\"width:calc( 100% + 0px ) !important;max-width:calc( 100% + 0px ) !important;margin-left: calc(-0px \/ 2 );margin-right: calc(-0px \/ 2 );\"><div class=\"fusion-layout-column fusion_builder_column fusion-builder-column-1 fusion_builder_column_1_2 1_2 fusion-flex-column\" style=\"--awb-padding-top:9%;--awb-padding-right:15%;--awb-padding-bottom:9%;--awb-padding-left:15%;--awb-bg-color:var(--awb-color2);--awb-bg-color-hover:var(--awb-color2);--awb-bg-size:cover;--awb-width-large:50%;--awb-margin-top-large:0px;--awb-spacing-right-large:0px;--awb-margin-bottom-large:0px;--awb-spacing-left-large:0px;--awb-width-medium:50%;--awb-order-medium:0;--awb-spacing-right-medium:0px;--awb-spacing-left-medium:0px;--awb-width-small:100%;--awb-order-small:0;--awb-spacing-right-small:0px;--awb-spacing-left-small:0px;\"><div class=\"fusion-column-wrapper fusion-column-has-shadow fusion-flex-justify-content-center fusion-content-layout-column\"><div class=\"fusion-text fusion-text-2\"><p style=\"text-align: justify;\"><strong>Datos hist\u00f3ricos<\/strong><\/p>\n<p style=\"text-align: justify;\">MOJOMAYAS surgi\u00f3 en 1995 cuando se dio a conocer como el movimiento de Objetores de Conciencia ante el reclutamiento militar forzoso, impulsor de la Ley de Servicio C\u00edvico, contribuy\u00f3 a la difusi\u00f3n de los Acuerdos de Paz y promoci\u00f3n de las reformas constitucionales en 1999. Posteriormente inici\u00f3 procesos de formaci\u00f3n y concientizaci\u00f3n en las regiones ling\u00fc\u00edsticas: Achi\u2019, K\u2019iche\u2019, Kaqchikel, Mam, Poqomchi\u2019, Ixil, Q\u2019eqchi\u2019, Tz\u2019utujil y Uspanteko, regiones con las que actualmente tiene cobertura.<\/p>\n<p style=\"text-align: justify;\"><strong>Consolidaci\u00f3n como MOJOMAYAS<\/strong><\/p>\n<p style=\"text-align: justify;\">En el a\u00f1o 2000 se consolida como Movimiento de J\u00f3venes Mayas MOJOMAYAS. Y, continuaron los procesos de formaci\u00f3n, sensibilizaci\u00f3n e incidencia por la defensa y ejercicio de los Derechos individuales y colectivos de los pueblos ind\u00edgenas, de juventudes, mujeres y hombres.<\/p>\n<\/div><\/div><\/div><div class=\"fusion-layout-column fusion_builder_column fusion-builder-column-2 fusion_builder_column_1_2 1_2 fusion-flex-column\" style=\"--awb-padding-top:80px;--awb-padding-right:100px;--awb-padding-bottom:80px;--awb-padding-left:100px;--awb-bg-position:center center;--awb-bg-size:cover;--awb-width-large:50%;--awb-margin-top-large:0px;--awb-spacing-right-large:0px;--awb-margin-bottom-large:0px;--awb-spacing-left-large:0px;--awb-width-medium:50%;--awb-order-medium:0;--awb-spacing-right-medium:0px;--awb-spacing-left-medium:0px;--awb-width-small:100%;--awb-order-small:0;--awb-spacing-right-small:0px;--awb-spacing-left-small:0px;\"><div class=\"fusion-column-wrapper lazyload fusion-column-has-shadow fusion-flex-justify-content-center fusion-content-layout-column fusion-empty-column-bg-image fusion-column-has-bg-image\" data-bg-url=\"https:\/\/conavigua.org.gt\/es\/wp-content\/uploads\/2022\/06\/mojomoyas-02.jpg\" data-bg=\"https:\/\/conavigua.org.gt\/es\/wp-content\/uploads\/2022\/06\/mojomoyas-02.jpg\"><img decoding=\"async\" class=\"fusion-empty-dims-img-placeholder fusion-no-large-visibility fusion-no-medium-visibility\" src=\"data:image\/svg+xml,%3Csvg%20xmlns%3D%27http%3A%2F%2Fwww.w3.org%2F2000%2Fsvg%27%20width%3D%27678%27%20height%3D%27695%27%20viewBox%3D%270%200%20678%20695%27%3E%3Crect%20width%3D%27678%27%20height%3D%27695%27%20fill-opacity%3D%220%22%2F%3E%3C%2Fsvg%3E\"><\/div><\/div><\/div><\/div><div class=\"fusion-fullwidth fullwidth-box fusion-builder-row-3 fusion-flex-container hundred-percent-fullwidth non-hundred-percent-height-scrolling\" style=\"--awb-background-position:left top;--awb-border-sizes-top:0px;--awb-border-sizes-bottom:0px;--awb-border-sizes-left:0px;--awb-border-sizes-right:0px;--awb-border-radius-top-left:0px;--awb-border-radius-top-right:0px;--awb-border-radius-bottom-right:0px;--awb-border-radius-bottom-left:0px;--awb-padding-top:0px;--awb-padding-right:0px;--awb-padding-bottom:0px;--awb-padding-left:0px;--awb-flex-wrap:wrap;\" ><div class=\"fusion-builder-row fusion-row fusion-flex-align-items-stretch fusion-flex-content-wrap\" style=\"width:calc( 100% + 0px ) !important;max-width:calc( 100% + 0px ) !important;margin-left: calc(-0px \/ 2 );margin-right: calc(-0px \/ 2 );\"><div class=\"fusion-layout-column fusion_builder_column fusion-builder-column-3 fusion_builder_column_1_2 1_2 fusion-flex-column\" style=\"--awb-padding-top:100px;--awb-padding-right:100px;--awb-padding-bottom:100px;--awb-padding-left:100px;--awb-bg-position:center center;--awb-bg-size:cover;--awb-width-large:50%;--awb-margin-top-large:0px;--awb-spacing-right-large:0px;--awb-margin-bottom-large:0px;--awb-spacing-left-large:0px;--awb-width-medium:50%;--awb-order-medium:0;--awb-spacing-right-medium:0px;--awb-spacing-left-medium:0px;--awb-width-small:100%;--awb-order-small:1;--awb-spacing-right-small:0px;--awb-spacing-left-small:0px;\"><div class=\"fusion-column-wrapper lazyload fusion-column-has-shadow fusion-flex-justify-content-center fusion-content-layout-column fusion-empty-column-bg-image fusion-column-has-bg-image\" data-bg-url=\"https:\/\/conavigua.org.gt\/es\/wp-content\/uploads\/2022\/06\/mojomoyas-01.jpg\" data-bg=\"https:\/\/conavigua.org.gt\/es\/wp-content\/uploads\/2022\/06\/mojomoyas-01.jpg\"><img decoding=\"async\" class=\"fusion-empty-dims-img-placeholder fusion-no-large-visibility fusion-no-medium-visibility\" src=\"data:image\/svg+xml,%3Csvg%20xmlns%3D%27http%3A%2F%2Fwww.w3.org%2F2000%2Fsvg%27%20width%3D%27800%27%20height%3D%27950%27%20viewBox%3D%270%200%20800%20950%27%3E%3Crect%20width%3D%27800%27%20height%3D%27950%27%20fill-opacity%3D%220%22%2F%3E%3C%2Fsvg%3E\"><\/div><\/div><div class=\"fusion-layout-column fusion_builder_column fusion-builder-column-4 fusion_builder_column_1_2 1_2 fusion-flex-column\" style=\"--awb-padding-top:15%;--awb-padding-right:15%;--awb-padding-bottom:15%;--awb-padding-left:15%;--awb-bg-color:var(--awb-color1);--awb-bg-color-hover:var(--awb-color1);--awb-bg-size:cover;--awb-width-large:50%;--awb-margin-top-large:0px;--awb-spacing-right-large:0px;--awb-margin-bottom-large:0px;--awb-spacing-left-large:0px;--awb-width-medium:50%;--awb-spacing-right-medium:0px;--awb-spacing-left-medium:0px;--awb-width-small:100%;--awb-spacing-right-small:0px;--awb-spacing-left-small:0px;\"><div class=\"fusion-column-wrapper fusion-flex-justify-content-center fusion-content-layout-column\"><div class=\"fusion-text fusion-text-3\"><p style=\"text-align: justify;\"><strong>Objetivo del programa:<\/strong><\/p>\n<p style=\"text-align: justify;\">J\u00f3venes, hombres y mujeres, con liderazgo, conocimiento, compromiso y propuesta, ejercen incidencia pol\u00edtica para el respeto, ejercicio y pleno goce de los derechos individuales y colectivos de la ni\u00f1ez y juventud de los pueblos ind\u00edgenas.<\/p>\n<p style=\"text-align: justify;\"><strong>Mojomayas en la actualidad.<\/strong><\/p>\n<p style=\"text-align: justify;\">Desde el a\u00f1o 2019, Mojomayas ha venido desarrollando ejecutando el proyecto Escuela de Empoderamiento Pol\u00edtico y Liderazgo para ni\u00f1as, adolescentes y mujeres j\u00f3venes ind\u00edgenas, en asocio con Plan International Guatemala. En este proceso participan cuatro municipios del departamento de Quich\u00e9 y cuatro en el departamento de Alta Verapaz.<\/p>\n<p style=\"text-align: justify;\">Debido a la pandemia, los procesos de formaci\u00f3n en la Escuela de Empoderamiento Pol\u00edtico, se debi\u00f3 trasladar a modalidad virtual con lo cual se enfrent\u00f3 varias dificultades, especialmente por el hecho de que las\/los j\u00f3venes no cuentan con dispositivos ni se\u00f1al de internet suficiente.\u00a0 Por esa raz\u00f3n se implementa en la actualidad un proceso de \u201ccuentacuentos\u201d con lo cual se construy\u00f3 cuentos con el apoyo de las y los j\u00f3venes. As\u00ed tambi\u00e9n se realiz\u00f3 dos talleres para el traslado metodol\u00f3gico de cuentacuentos hacia j\u00f3venes que ahora replican con otros grupos de adolescentes y j\u00f3venes en sus comunidades.<\/p>\n<\/div><\/div><\/div><\/div><\/div><div class=\"fusion-fullwidth fullwidth-box fusion-builder-row-4 fusion-flex-container nonhundred-percent-fullwidth non-hundred-percent-height-scrolling\" style=\"--awb-background-position:left top;--awb-border-sizes-top:0px;--awb-border-sizes-bottom:0px;--awb-border-sizes-left:0px;--awb-border-sizes-right:0px;--awb-border-radius-top-left:0px;--awb-border-radius-top-right:0px;--awb-border-radius-bottom-right:0px;--awb-border-radius-bottom-left:0px;--awb-padding-top:80px;--awb-padding-right:8%;--awb-padding-bottom:50px;--awb-padding-left:8%;--awb-background-color:var(--awb-color2);--awb-flex-wrap:wrap;\" ><div class=\"fusion-builder-row fusion-row fusion-flex-align-items-flex-start fusion-flex-content-wrap\" style=\"max-width:calc( 1280px + 0px );margin-left: calc(-0px \/ 2 );margin-right: calc(-0px \/ 2 );\"><div class=\"fusion-layout-column fusion_builder_column fusion-builder-column-5 fusion_builder_column_1_1 1_1 fusion-flex-column fusion-flex-align-self-flex-start fusion-column-no-min-height\" style=\"--awb-bg-size:cover;--awb-width-large:100%;--awb-margin-top-large:0px;--awb-spacing-right-large:0px;--awb-margin-bottom-large:0px;--awb-spacing-left-large:0px;--awb-width-medium:100%;--awb-spacing-right-medium:0px;--awb-spacing-left-medium:0px;--awb-width-small:100%;--awb-spacing-right-small:0px;--awb-spacing-left-small:0px;\"><div class=\"fusion-column-wrapper fusion-flex-justify-content-flex-start fusion-content-layout-column\"><div class=\"fusion-tabs fusion-tabs-1 clean nav-is-justified horizontal-tabs icon-position-left mobile-mode-accordion\" style=\"--awb-title-border-radius-top-left:0px;--awb-title-border-radius-top-right:0px;--awb-title-border-radius-bottom-right:0px;--awb-title-border-radius-bottom-left:0px;--awb-inactive-color:var(--awb-color1);--awb-background-color:hsla(var(--awb-color8-h),var(--awb-color8-s),calc( var(--awb-color8-l) + 83% ),var(--awb-color8-a));--awb-border-color:hsla(var(--awb-color8-h),var(--awb-color8-s),calc( var(--awb-color8-l) + 83% ),var(--awb-color8-a));--awb-active-border-color:#f10000;\"><div class=\"nav\"><ul class=\"nav-tabs nav-justified\" role=\"tablist\"><li class=\"active\" role=\"presentation\"><a class=\"tab-link\" data-toggle=\"tab\" role=\"tab\" aria-controls=\"tab-b2941299eb2ace72f45\" aria-selected=\"true\" id=\"fusion-tab-contenido\" href=\"#tab-b2941299eb2ace72f45\"><h4 class=\"fusion-tab-heading\">Contenido<\/h4><\/a><\/li><li role=\"presentation\"><a class=\"tab-link\" data-toggle=\"tab\" role=\"tab\" aria-controls=\"tab-10b1f2dd268dea7f4a6\" aria-selected=\"false\" tabindex=\"-1\" id=\"fusion-tab-alianzasycoordinaciones:\" href=\"#tab-10b1f2dd268dea7f4a6\"><h4 class=\"fusion-tab-heading\">Alianzas y coordinaciones:<\/h4><\/a><\/li><li role=\"presentation\"><a class=\"tab-link\" data-toggle=\"tab\" role=\"tab\" aria-controls=\"tab-2533f3406750f124709\" aria-selected=\"false\" tabindex=\"-1\" id=\"fusion-tab-c\u00f3modesarrollamoslosprocesos:\" href=\"#tab-2533f3406750f124709\"><h4 class=\"fusion-tab-heading\">C\u00f3mo desarrollamos los procesos: <\/h4><\/a><\/li><\/ul><\/div><div class=\"tab-content\"><div class=\"nav fusion-mobile-tab-nav\"><ul class=\"nav-tabs nav-justified\" role=\"tablist\"><li class=\"active\" role=\"presentation\"><a class=\"tab-link\" data-toggle=\"tab\" role=\"tab\" aria-controls=\"tab-b2941299eb2ace72f45\" aria-selected=\"true\" id=\"mobile-fusion-tab-contenido\" href=\"#tab-b2941299eb2ace72f45\"><h4 class=\"fusion-tab-heading\">Contenido<\/h4><\/a><\/li><\/ul><\/div><div class=\"tab-pane fade fusion-clearfix in active\" role=\"tabpanel\" tabindex=\"0\" aria-labelledby=\"fusion-tab-contenido\" id=\"tab-b2941299eb2ace72f45\">\n<p>Ejes estrat\u00e9gicos de MOJOMAYAS<\/p>\n<ul>\n<li>Derechos Humanos<\/li>\n<li>Identidad Maya<\/li>\n<li>Autoestima<\/li>\n<li>Cultura y Cosmovisi\u00f3n Maya<\/li>\n<li>Contexto Hist\u00f3rico y Sociopol\u00edtico de Guatemala<\/li>\n<li>Derechos Sexuales y Derechos Reproductivos<\/li>\n<li>Igualdad de G\u00e9nero<\/li>\n<li>Derechos y participaci\u00f3n Pol\u00edtica de las mujeres<\/li>\n<li>Derechos individuales y colectivos de los Pueblos Ind\u00edgenas,<\/li>\n<li>Participaci\u00f3n ciudadana<\/li>\n<li>Defensa de la madre tierra y el Territorio.<\/li>\n<\/ul>\n<\/div><div class=\"nav fusion-mobile-tab-nav\"><ul class=\"nav-tabs nav-justified\" role=\"tablist\"><li role=\"presentation\"><a class=\"tab-link\" data-toggle=\"tab\" role=\"tab\" aria-controls=\"tab-10b1f2dd268dea7f4a6\" aria-selected=\"false\" tabindex=\"-1\" id=\"mobile-fusion-tab-alianzasycoordinaciones:\" href=\"#tab-10b1f2dd268dea7f4a6\"><h4 class=\"fusion-tab-heading\">Alianzas y coordinaciones:<\/h4><\/a><\/li><\/ul><\/div><div class=\"tab-pane fade fusion-clearfix\" role=\"tabpanel\" tabindex=\"0\" aria-labelledby=\"fusion-tab-alianzasycoordinaciones:\" id=\"tab-10b1f2dd268dea7f4a6\">\n<p>Para alcanzar sus objetivos, MOJOMAYAS desarrolla coordinaciones con las siguientes instancias:<\/p>\n<ul>\n<li>Frente Nacional de la Juventud.<\/li>\n<li>Observatorio por los Derechos de la Juventud.<\/li>\n<li>Coordinadora Latinoamericana de Organizaciones del Campo CLOC V\u00eda Campesina.<\/li>\n<li>Coordinaci\u00f3n y Convergencia Nacional Maya Waqib\u2019 Kej.<\/li>\n<li>Enlace Continental de Mujeres Ind\u00edgenas de las Am\u00e9ricas ECMIA.<\/li>\n<\/ul>\n<\/div><div class=\"nav fusion-mobile-tab-nav\"><ul class=\"nav-tabs nav-justified\" role=\"tablist\"><li role=\"presentation\"><a class=\"tab-link\" data-toggle=\"tab\" role=\"tab\" aria-controls=\"tab-2533f3406750f124709\" aria-selected=\"false\" tabindex=\"-1\" id=\"mobile-fusion-tab-c\u00f3modesarrollamoslosprocesos:\" href=\"#tab-2533f3406750f124709\"><h4 class=\"fusion-tab-heading\">C\u00f3mo desarrollamos los procesos: <\/h4><\/a><\/li><\/ul><\/div><div class=\"tab-pane fade fusion-clearfix\" role=\"tabpanel\" tabindex=\"0\" aria-labelledby=\"fusion-tab-c\u00f3modesarrollamoslosprocesos:\" id=\"tab-2533f3406750f124709\">\n<ul>\n<li>Organizaci\u00f3n<\/li>\n<li>Di\u00e1logos virtuales<\/li>\n<li>Talleres virtuales<\/li>\n<li>Foros presenciales y virtuales<\/li>\n<li>Ciberactivismo<\/li>\n<li>8 j\u00f3venes participan en los Consejos Municipales de Desarrollo COMUDE.<\/li>\n<li>Diagn\u00f3stico y agendas municipales<\/li>\n<li>Gesti\u00f3n de planes de acci\u00f3n<\/li>\n<li>Auditoria Social<\/li>\n<li>Conferencias de Prensa<\/li>\n<li>Marchas<\/li>\n<\/ul>\n<\/div><\/div><\/div><div class=\"fusion-image-element \" style=\"text-align:center;--awb-caption-title-font-family:var(--h2_typography-font-family);--awb-caption-title-font-weight:var(--h2_typography-font-weight);--awb-caption-title-font-style:var(--h2_typography-font-style);--awb-caption-title-size:var(--h2_typography-font-size);--awb-caption-title-transform:var(--h2_typography-text-transform);--awb-caption-title-line-height:var(--h2_typography-line-height);--awb-caption-title-letter-spacing:var(--h2_typography-letter-spacing);\"><span class=\" fusion-imageframe imageframe-none imageframe-1 hover-type-none\"><img decoding=\"async\" width=\"975\" height=\"650\" title=\"mojomoyas-03\" src=\"https:\/\/conavigua.org.gt\/es\/wp-content\/uploads\/2022\/06\/mojomoyas-03.jpg\" data-orig-src=\"https:\/\/conavigua.org.gt\/es\/wp-content\/uploads\/2022\/06\/mojomoyas-03.jpg\" alt class=\"lazyload img-responsive wp-image-1771\" srcset=\"data:image\/svg+xml,%3Csvg%20xmlns%3D%27http%3A%2F%2Fwww.w3.org%2F2000%2Fsvg%27%20width%3D%27975%27%20height%3D%27650%27%20viewBox%3D%270%200%20975%20650%27%3E%3Crect%20width%3D%27975%27%20height%3D%27650%27%20fill-opacity%3D%220%22%2F%3E%3C%2Fsvg%3E\" data-srcset=\"https:\/\/conavigua.org.gt\/es\/wp-content\/uploads\/2022\/06\/mojomoyas-03-200x133.jpg 200w, https:\/\/conavigua.org.gt\/es\/wp-content\/uploads\/2022\/06\/mojomoyas-03-400x267.jpg 400w, https:\/\/conavigua.org.gt\/es\/wp-content\/uploads\/2022\/06\/mojomoyas-03-600x400.jpg 600w, https:\/\/conavigua.org.gt\/es\/wp-content\/uploads\/2022\/06\/mojomoyas-03-800x533.jpg 800w, https:\/\/conavigua.org.gt\/es\/wp-content\/uploads\/2022\/06\/mojomoyas-03.jpg 975w\" data-sizes=\"auto\" data-orig-sizes=\"(max-width: 1024px) 100vw, (max-width: 640px) 100vw, 975px\" \/><\/span><\/div><\/div><\/div><\/div><\/div><\/p>\n","protected":false},"excerpt":{"rendered":"","protected":false},"author":1,"featured_media":0,"parent":0,"menu_order":0,"comment_status":"closed","ping_status":"closed","template":"100-width.php","meta":{"footnotes":""},"class_list":["post-1764","page","type-page","status-publish","hentry"],"_links":{"self":[{"href":"https:\/\/conavigua.org.gt\/es\/wp-json\/wp\/v2\/pages\/1764","targetHints":{"allow":["GET"]}}],"collection":[{"href":"https:\/\/conavigua.org.gt\/es\/wp-json\/wp\/v2\/pages"}],"about":[{"href":"https:\/\/conavigua.org.gt\/es\/wp-json\/wp\/v2\/types\/page"}],"author":[{"embeddable":true,"href":"https:\/\/conavigua.org.gt\/es\/wp-json\/wp\/v2\/users\/1"}],"replies":[{"embeddable":true,"href":"https:\/\/conavigua.org.gt\/es\/wp-json\/wp\/v2\/comments?post=1764"}],"version-history":[{"count":4,"href":"https:\/\/conavigua.org.gt\/es\/wp-json\/wp\/v2\/pages\/1764\/revisions"}],"predecessor-version":[{"id":1772,"href":"https:\/\/conavigua.org.gt\/es\/wp-json\/wp\/v2\/pages\/1764\/revisions\/1772"}],"wp:attachment":[{"href":"https:\/\/conavigua.org.gt\/es\/wp-json\/wp\/v2\/media?parent=1764"}],"curies":[{"name":"wp","href":"https:\/\/api.w.org\/{rel}","templated":true}]}}